{"id":110544,"date":"2026-04-25T11:22:35","date_gmt":"2026-04-25T14:22:35","guid":{"rendered":"https:\/\/anacleta.com.ar\/?post_type=product&#038;p=110544"},"modified":"2026-04-25T11:22:35","modified_gmt":"2026-04-25T14:22:35","slug":"blusa-yulia","status":"publish","type":"product","link":"https:\/\/anacleta.com.ar\/es_es\/producto\/blusa-yulia\/","title":{"rendered":"Blusa Yulia"},"content":{"rendered":"","protected":false},"excerpt":{"rendered":"<p>Esta blusa asim\u00e9trica de sat\u00e9n eleva el look con un gesto moderno y elegante que no pasa desapercibido. Su escote irregular deja un hombro al descubierto, aportando sofisticaci\u00f3n y un aire contempor\u00e1neo, mientras que la manga amplia y la ca\u00edda fluida del tejido generan movimiento y ligereza. Una prenda vers\u00e1til, ideal para sumar impacto sin esfuerzo.<\/p>\n","protected":false},"featured_media":110546,"template":"","meta":[],"product_brand":[485],"product_cat":[184,125],"product_tag":[114],"class_list":{"0":"post-110544","1":"product","2":"type-product","3":"status-publish","4":"has-post-thumbnail","6":"product_brand-natalia-antolin","7":"product_cat-camisas","8":"product_cat-fiesta","9":"product_tag-natalia-antolin","11":"first","12":"instock","13":"shipping-taxable","14":"purchasable","15":"product-type-variable"},"_links":{"self":[{"href":"https:\/\/anacleta.com.ar\/es_es\/wp-json\/wp\/v2\/product\/110544","targetHints":{"allow":["GET"]}}],"collection":[{"href":"https:\/\/anacleta.com.ar\/es_es\/wp-json\/wp\/v2\/product"}],"about":[{"href":"https:\/\/anacleta.com.ar\/es_es\/wp-json\/wp\/v2\/types\/product"}],"wp:featuredmedia":[{"embeddable":true,"href":"https:\/\/anacleta.com.ar\/es_es\/wp-json\/wp\/v2\/media\/110546"}],"wp:attachment":[{"href":"https:\/\/anacleta.com.ar\/es_es\/wp-json\/wp\/v2\/media?parent=110544"}],"wp:term":[{"taxonomy":"product_brand","embeddable":true,"href":"https:\/\/anacleta.com.ar\/es_es\/wp-json\/wp\/v2\/product_brand?post=110544"},{"taxonomy":"product_cat","embeddable":true,"href":"https:\/\/anacleta.com.ar\/es_es\/wp-json\/wp\/v2\/product_cat?post=110544"},{"taxonomy":"product_tag","embeddable":true,"href":"https:\/\/anacleta.com.ar\/es_es\/wp-json\/wp\/v2\/product_tag?post=110544"}],"curies":[{"name":"wp","href":"https:\/\/api.w.org\/{rel}","templated":true}]}}