{"id":110549,"date":"2026-04-25T11:25:44","date_gmt":"2026-04-25T14:25:44","guid":{"rendered":"https:\/\/anacleta.com.ar\/?post_type=product&#038;p=110549"},"modified":"2026-04-25T11:25:44","modified_gmt":"2026-04-25T14:25:44","slug":"mono-anis","status":"publish","type":"product","link":"https:\/\/anacleta.com.ar\/es_es\/producto\/mono-anis\/","title":{"rendered":"Mono Anis"},"content":{"rendered":"","protected":false},"excerpt":{"rendered":"<p>Este mono suelto con escote en V profundo fusiona elegancia y modernidad en un dise\u00f1o que redefine el confort y la sofisticaci\u00f3n. El detalle de nudo central a\u00f1ade un toque chic y \u00fanico, definiendo la cintura con sutileza, mientras que el corte suelto garantiza comodidad sin sacrificar estilo. Perfecto para quienes buscan una prenda vers\u00e1til que se adapte a cualquier ocasi\u00f3n, este mono te har\u00e1 lucir fresca y sofisticada.<\/p>\n","protected":false},"featured_media":110551,"template":"","meta":[],"product_brand":[485],"product_cat":[125,197],"product_tag":[114],"class_list":{"0":"post-110549","1":"product","2":"type-product","3":"status-publish","4":"has-post-thumbnail","6":"product_brand-natalia-antolin","7":"product_cat-fiesta","8":"product_cat-monos","9":"product_tag-natalia-antolin","11":"first","12":"instock","13":"shipping-taxable","14":"purchasable","15":"product-type-variable"},"_links":{"self":[{"href":"https:\/\/anacleta.com.ar\/es_es\/wp-json\/wp\/v2\/product\/110549","targetHints":{"allow":["GET"]}}],"collection":[{"href":"https:\/\/anacleta.com.ar\/es_es\/wp-json\/wp\/v2\/product"}],"about":[{"href":"https:\/\/anacleta.com.ar\/es_es\/wp-json\/wp\/v2\/types\/product"}],"wp:featuredmedia":[{"embeddable":true,"href":"https:\/\/anacleta.com.ar\/es_es\/wp-json\/wp\/v2\/media\/110551"}],"wp:attachment":[{"href":"https:\/\/anacleta.com.ar\/es_es\/wp-json\/wp\/v2\/media?parent=110549"}],"wp:term":[{"taxonomy":"product_brand","embeddable":true,"href":"https:\/\/anacleta.com.ar\/es_es\/wp-json\/wp\/v2\/product_brand?post=110549"},{"taxonomy":"product_cat","embeddable":true,"href":"https:\/\/anacleta.com.ar\/es_es\/wp-json\/wp\/v2\/product_cat?post=110549"},{"taxonomy":"product_tag","embeddable":true,"href":"https:\/\/anacleta.com.ar\/es_es\/wp-json\/wp\/v2\/product_tag?post=110549"}],"curies":[{"name":"wp","href":"https:\/\/api.w.org\/{rel}","templated":true}]}}