{"id":110572,"date":"2026-04-30T19:32:59","date_gmt":"2026-04-30T22:32:59","guid":{"rendered":"https:\/\/anacleta.com.ar\/?post_type=product&#038;p=110572"},"modified":"2026-04-30T19:32:59","modified_gmt":"2026-04-30T22:32:59","slug":"remera-smith","status":"publish","type":"product","link":"https:\/\/anacleta.com.ar\/es_es\/producto\/remera-smith\/","title":{"rendered":"Remera Smith"},"content":{"rendered":"","protected":false},"excerpt":{"rendered":"<p>Remera Smith de cuello redondo y mangas cortas, confeccionada en algod\u00f3n con estampa full print. Se destaca por el detalle de tachas met\u00e1licas aplicadas sobre la l\u00ednea de los hombros.<\/p>\n<p>Composici\u00f3n: 100% Algod\u00f3n.<\/p>\n<p>Referencia modelo Helena: Altura 1,72 Talle: 1<\/p>\n","protected":false},"featured_media":110574,"template":"","meta":[],"product_brand":[480],"product_cat":[129],"product_tag":[112],"class_list":{"0":"post-110572","1":"product","2":"type-product","3":"status-publish","4":"has-post-thumbnail","6":"product_brand-jazmin-chebar","7":"product_cat-remeras","8":"product_tag-jazmin-chebar","10":"first","11":"instock","12":"shipping-taxable","13":"purchasable","14":"product-type-variable"},"_links":{"self":[{"href":"https:\/\/anacleta.com.ar\/es_es\/wp-json\/wp\/v2\/product\/110572","targetHints":{"allow":["GET"]}}],"collection":[{"href":"https:\/\/anacleta.com.ar\/es_es\/wp-json\/wp\/v2\/product"}],"about":[{"href":"https:\/\/anacleta.com.ar\/es_es\/wp-json\/wp\/v2\/types\/product"}],"wp:featuredmedia":[{"embeddable":true,"href":"https:\/\/anacleta.com.ar\/es_es\/wp-json\/wp\/v2\/media\/110574"}],"wp:attachment":[{"href":"https:\/\/anacleta.com.ar\/es_es\/wp-json\/wp\/v2\/media?parent=110572"}],"wp:term":[{"taxonomy":"product_brand","embeddable":true,"href":"https:\/\/anacleta.com.ar\/es_es\/wp-json\/wp\/v2\/product_brand?post=110572"},{"taxonomy":"product_cat","embeddable":true,"href":"https:\/\/anacleta.com.ar\/es_es\/wp-json\/wp\/v2\/product_cat?post=110572"},{"taxonomy":"product_tag","embeddable":true,"href":"https:\/\/anacleta.com.ar\/es_es\/wp-json\/wp\/v2\/product_tag?post=110572"}],"curies":[{"name":"wp","href":"https:\/\/api.w.org\/{rel}","templated":true}]}}