{"id":110612,"date":"2026-04-30T20:00:33","date_gmt":"2026-04-30T23:00:33","guid":{"rendered":"https:\/\/anacleta.com.ar\/?post_type=product&#038;p=110612"},"modified":"2026-04-30T20:00:33","modified_gmt":"2026-04-30T23:00:33","slug":"buzo-margarita","status":"publish","type":"product","link":"https:\/\/anacleta.com.ar\/es_es\/producto\/buzo-margarita\/","title":{"rendered":"Buzo Margarita"},"content":{"rendered":"","protected":false},"excerpt":{"rendered":"<p>Buzo Margarita confeccionado en r\u00fastico liso de tacto suave, con una estampa central en el delantero y calce regular. Para asegurar un ajuste \u00f3ptimo y c\u00f3modo, cuenta con cuello, pu\u00f1os y cintura realizados en ribb.<\/p>\n<p>Composici\u00f3n: 100% Algod\u00f3n.<\/p>\n<p>Referencia modelo Florencia: Altura 1,74 Talle: 1<\/p>\n","protected":false},"featured_media":110614,"template":"","meta":[],"product_brand":[480],"product_cat":[150],"product_tag":[112],"class_list":{"0":"post-110612","1":"product","2":"type-product","3":"status-publish","4":"has-post-thumbnail","6":"product_brand-jazmin-chebar","7":"product_cat-buzos","8":"product_tag-jazmin-chebar","10":"first","11":"instock","12":"shipping-taxable","13":"purchasable","14":"product-type-variable"},"_links":{"self":[{"href":"https:\/\/anacleta.com.ar\/es_es\/wp-json\/wp\/v2\/product\/110612","targetHints":{"allow":["GET"]}}],"collection":[{"href":"https:\/\/anacleta.com.ar\/es_es\/wp-json\/wp\/v2\/product"}],"about":[{"href":"https:\/\/anacleta.com.ar\/es_es\/wp-json\/wp\/v2\/types\/product"}],"wp:featuredmedia":[{"embeddable":true,"href":"https:\/\/anacleta.com.ar\/es_es\/wp-json\/wp\/v2\/media\/110614"}],"wp:attachment":[{"href":"https:\/\/anacleta.com.ar\/es_es\/wp-json\/wp\/v2\/media?parent=110612"}],"wp:term":[{"taxonomy":"product_brand","embeddable":true,"href":"https:\/\/anacleta.com.ar\/es_es\/wp-json\/wp\/v2\/product_brand?post=110612"},{"taxonomy":"product_cat","embeddable":true,"href":"https:\/\/anacleta.com.ar\/es_es\/wp-json\/wp\/v2\/product_cat?post=110612"},{"taxonomy":"product_tag","embeddable":true,"href":"https:\/\/anacleta.com.ar\/es_es\/wp-json\/wp\/v2\/product_tag?post=110612"}],"curies":[{"name":"wp","href":"https:\/\/api.w.org\/{rel}","templated":true}]}}