{"id":110617,"date":"2026-04-30T20:11:01","date_gmt":"2026-04-30T23:11:01","guid":{"rendered":"https:\/\/anacleta.com.ar\/?post_type=product&#038;p=110617"},"modified":"2026-04-30T20:11:01","modified_gmt":"2026-04-30T23:11:01","slug":"pantalon-philippe","status":"publish","type":"product","link":"https:\/\/anacleta.com.ar\/es_es\/producto\/pantalon-philippe\/","title":{"rendered":"Pantalon Philippe"},"content":{"rendered":"","protected":false},"excerpt":{"rendered":"<p>Pantal\u00f3n Philippe de silueta oxford con una propuesta est\u00e9tica inspirada en el denim cl\u00e1sico. Confeccionado en tela Denim Velvet, esta prenda ofrece una textura aterciopelada \u00fanica manteniendo el aspecto de un jean lavado. Su calce es ajustado hasta las rodillas y se relaja hacia la botamanga, logrando una silueta estilizada.<\/p>\n<p>Composici\u00f3n: 92% Algod\u00f3n, 6% Poli\u00e9ster, 2% Elastano.<\/p>\n<p>Referencia modelo Helena: Altura 1,72 Talle: 1<\/p>\n","protected":false},"featured_media":110619,"template":"","meta":[],"product_brand":[480],"product_cat":[134],"product_tag":[112],"class_list":{"0":"post-110617","1":"product","2":"type-product","3":"status-publish","4":"has-post-thumbnail","6":"product_brand-jazmin-chebar","7":"product_cat-pantalones","8":"product_tag-jazmin-chebar","10":"first","11":"instock","12":"shipping-taxable","13":"purchasable","14":"product-type-variable"},"_links":{"self":[{"href":"https:\/\/anacleta.com.ar\/es_es\/wp-json\/wp\/v2\/product\/110617","targetHints":{"allow":["GET"]}}],"collection":[{"href":"https:\/\/anacleta.com.ar\/es_es\/wp-json\/wp\/v2\/product"}],"about":[{"href":"https:\/\/anacleta.com.ar\/es_es\/wp-json\/wp\/v2\/types\/product"}],"wp:featuredmedia":[{"embeddable":true,"href":"https:\/\/anacleta.com.ar\/es_es\/wp-json\/wp\/v2\/media\/110619"}],"wp:attachment":[{"href":"https:\/\/anacleta.com.ar\/es_es\/wp-json\/wp\/v2\/media?parent=110617"}],"wp:term":[{"taxonomy":"product_brand","embeddable":true,"href":"https:\/\/anacleta.com.ar\/es_es\/wp-json\/wp\/v2\/product_brand?post=110617"},{"taxonomy":"product_cat","embeddable":true,"href":"https:\/\/anacleta.com.ar\/es_es\/wp-json\/wp\/v2\/product_cat?post=110617"},{"taxonomy":"product_tag","embeddable":true,"href":"https:\/\/anacleta.com.ar\/es_es\/wp-json\/wp\/v2\/product_tag?post=110617"}],"curies":[{"name":"wp","href":"https:\/\/api.w.org\/{rel}","templated":true}]}}