{"id":110629,"date":"2026-04-30T20:31:24","date_gmt":"2026-04-30T23:31:24","guid":{"rendered":"https:\/\/anacleta.com.ar\/?post_type=product&#038;p=110629"},"modified":"2026-04-30T20:31:24","modified_gmt":"2026-04-30T23:31:24","slug":"pantalon-lover","status":"publish","type":"product","link":"https:\/\/anacleta.com.ar\/es_es\/producto\/pantalon-lover\/","title":{"rendered":"Pantalon Lover"},"content":{"rendered":"","protected":false},"excerpt":{"rendered":"<p>Pantal\u00f3n Lover tipo jogging de silueta amplia y largo al tobillo, confeccionado en algod\u00f3n. Cuenta con cintura elastizada, cord\u00f3n ajustable y bolsillos laterales. Su dise\u00f1o incluye el\u00e1sticos en las botamangas que permiten regular el ajuste.<\/p>\n<p>Composici\u00f3n: 100% Algod\u00f3n<\/p>\n<p>Referencia modelo Helena: Altura 1,72 Talle: 1<\/p>\n","protected":false},"featured_media":110632,"template":"","meta":[],"product_brand":[480],"product_cat":[134],"product_tag":[112],"class_list":{"0":"post-110629","1":"product","2":"type-product","3":"status-publish","4":"has-post-thumbnail","6":"product_brand-jazmin-chebar","7":"product_cat-pantalones","8":"product_tag-jazmin-chebar","10":"first","11":"instock","12":"shipping-taxable","13":"purchasable","14":"product-type-variable"},"_links":{"self":[{"href":"https:\/\/anacleta.com.ar\/es_es\/wp-json\/wp\/v2\/product\/110629","targetHints":{"allow":["GET"]}}],"collection":[{"href":"https:\/\/anacleta.com.ar\/es_es\/wp-json\/wp\/v2\/product"}],"about":[{"href":"https:\/\/anacleta.com.ar\/es_es\/wp-json\/wp\/v2\/types\/product"}],"wp:featuredmedia":[{"embeddable":true,"href":"https:\/\/anacleta.com.ar\/es_es\/wp-json\/wp\/v2\/media\/110632"}],"wp:attachment":[{"href":"https:\/\/anacleta.com.ar\/es_es\/wp-json\/wp\/v2\/media?parent=110629"}],"wp:term":[{"taxonomy":"product_brand","embeddable":true,"href":"https:\/\/anacleta.com.ar\/es_es\/wp-json\/wp\/v2\/product_brand?post=110629"},{"taxonomy":"product_cat","embeddable":true,"href":"https:\/\/anacleta.com.ar\/es_es\/wp-json\/wp\/v2\/product_cat?post=110629"},{"taxonomy":"product_tag","embeddable":true,"href":"https:\/\/anacleta.com.ar\/es_es\/wp-json\/wp\/v2\/product_tag?post=110629"}],"curies":[{"name":"wp","href":"https:\/\/api.w.org\/{rel}","templated":true}]}}