{"id":110646,"date":"2026-05-02T11:52:38","date_gmt":"2026-05-02T14:52:38","guid":{"rendered":"https:\/\/anacleta.com.ar\/?post_type=product&#038;p=110646"},"modified":"2026-05-02T11:52:38","modified_gmt":"2026-05-02T14:52:38","slug":"tapado-block","status":"publish","type":"product","link":"https:\/\/anacleta.com.ar\/es_es\/producto\/tapado-block\/","title":{"rendered":"Tapado Block"},"content":{"rendered":"","protected":false},"excerpt":{"rendered":"<p>Tapado Block largo de pa\u00f1o dise\u00f1ado para llegar a la altura de las rodillas. Se distingue por su cuello desmontable de piel sint\u00e9tica en tono camel, que permite adaptar la prenda a diferentes ocasiones. Presenta bolsillos frontales y un sistema de cierre mediante broches con logo grabado y gancho met\u00e1lico. Incluye un cintur\u00f3n a tono para ajustar la cintura y definir la silueta.<\/p>\n<p>Composici\u00f3n: 52% Lana 48% Poli\u00e9ster.<\/p>\n<p>Referencia modelo Florencia: Altura 1,74 Talle: 1<\/p>\n","protected":false},"featured_media":110648,"template":"","meta":[],"product_brand":[480],"product_cat":[148],"product_tag":[112],"class_list":{"0":"post-110646","1":"product","2":"type-product","3":"status-publish","4":"has-post-thumbnail","6":"product_brand-jazmin-chebar","7":"product_cat-sacos-y-camperas","8":"product_tag-jazmin-chebar","10":"first","11":"instock","12":"shipping-taxable","13":"purchasable","14":"product-type-variable"},"_links":{"self":[{"href":"https:\/\/anacleta.com.ar\/es_es\/wp-json\/wp\/v2\/product\/110646","targetHints":{"allow":["GET"]}}],"collection":[{"href":"https:\/\/anacleta.com.ar\/es_es\/wp-json\/wp\/v2\/product"}],"about":[{"href":"https:\/\/anacleta.com.ar\/es_es\/wp-json\/wp\/v2\/types\/product"}],"wp:featuredmedia":[{"embeddable":true,"href":"https:\/\/anacleta.com.ar\/es_es\/wp-json\/wp\/v2\/media\/110648"}],"wp:attachment":[{"href":"https:\/\/anacleta.com.ar\/es_es\/wp-json\/wp\/v2\/media?parent=110646"}],"wp:term":[{"taxonomy":"product_brand","embeddable":true,"href":"https:\/\/anacleta.com.ar\/es_es\/wp-json\/wp\/v2\/product_brand?post=110646"},{"taxonomy":"product_cat","embeddable":true,"href":"https:\/\/anacleta.com.ar\/es_es\/wp-json\/wp\/v2\/product_cat?post=110646"},{"taxonomy":"product_tag","embeddable":true,"href":"https:\/\/anacleta.com.ar\/es_es\/wp-json\/wp\/v2\/product_tag?post=110646"}],"curies":[{"name":"wp","href":"https:\/\/api.w.org\/{rel}","templated":true}]}}