{"id":110652,"date":"2026-05-02T11:56:26","date_gmt":"2026-05-02T14:56:26","guid":{"rendered":"https:\/\/anacleta.com.ar\/?post_type=product&#038;p=110652"},"modified":"2026-05-02T11:56:26","modified_gmt":"2026-05-02T14:56:26","slug":"bomber-philippe","status":"publish","type":"product","link":"https:\/\/anacleta.com.ar\/es_es\/producto\/bomber-philippe\/","title":{"rendered":"Bomber Philippe"},"content":{"rendered":"","protected":false},"excerpt":{"rendered":"<p>Bomber Philippe estilo bomber de silueta entallada, con pu\u00f1os y cintura de tejido el\u00e1stico para un ajuste definido. Se destaca por su cuello desmontable de pelo sint\u00e9tico. Realizada en tela Denim Velvet, esta pieza fusiona el tacto suave del terciopelo con un acabado visual de jean.<\/p>\n<p>Composici\u00f3n: 92% Algod\u00f3n, 6% Poli\u00e9ster, 2% Elastano.<\/p>\n<p>Referencia modelo Helena: Altura 1,72 Talle: 1<\/p>\n","protected":false},"featured_media":110654,"template":"","meta":[],"product_brand":[480],"product_cat":[148],"product_tag":[112],"class_list":{"0":"post-110652","1":"product","2":"type-product","3":"status-publish","4":"has-post-thumbnail","6":"product_brand-jazmin-chebar","7":"product_cat-sacos-y-camperas","8":"product_tag-jazmin-chebar","10":"first","11":"instock","12":"shipping-taxable","13":"purchasable","14":"product-type-variable"},"_links":{"self":[{"href":"https:\/\/anacleta.com.ar\/es_es\/wp-json\/wp\/v2\/product\/110652","targetHints":{"allow":["GET"]}}],"collection":[{"href":"https:\/\/anacleta.com.ar\/es_es\/wp-json\/wp\/v2\/product"}],"about":[{"href":"https:\/\/anacleta.com.ar\/es_es\/wp-json\/wp\/v2\/types\/product"}],"wp:featuredmedia":[{"embeddable":true,"href":"https:\/\/anacleta.com.ar\/es_es\/wp-json\/wp\/v2\/media\/110654"}],"wp:attachment":[{"href":"https:\/\/anacleta.com.ar\/es_es\/wp-json\/wp\/v2\/media?parent=110652"}],"wp:term":[{"taxonomy":"product_brand","embeddable":true,"href":"https:\/\/anacleta.com.ar\/es_es\/wp-json\/wp\/v2\/product_brand?post=110652"},{"taxonomy":"product_cat","embeddable":true,"href":"https:\/\/anacleta.com.ar\/es_es\/wp-json\/wp\/v2\/product_cat?post=110652"},{"taxonomy":"product_tag","embeddable":true,"href":"https:\/\/anacleta.com.ar\/es_es\/wp-json\/wp\/v2\/product_tag?post=110652"}],"curies":[{"name":"wp","href":"https:\/\/api.w.org\/{rel}","templated":true}]}}