{"id":110694,"date":"2026-05-02T12:21:27","date_gmt":"2026-05-02T15:21:27","guid":{"rendered":"https:\/\/anacleta.com.ar\/?post_type=product&#038;p=110694"},"modified":"2026-05-02T12:21:27","modified_gmt":"2026-05-02T15:21:27","slug":"cinturon-moss-wild","status":"publish","type":"product","link":"https:\/\/anacleta.com.ar\/es_es\/producto\/cinturon-moss-wild\/","title":{"rendered":"Cinturon Moss Wild"},"content":{"rendered":"","protected":false},"excerpt":{"rendered":"<p>Cintur\u00f3n Moss Wild confeccionado en cuero vacuno con pelo, que suma textura al dise\u00f1o. Incorpora hebilla Petra y posibilidad de anudarlo para un ajuste m\u00e1s vers\u00e1til.<\/p>\n<p>Composici\u00f3n: Lonja: 100% Cuero pelo vacuno Forrer\u00eda: 100% Cuero vacuno flor<\/p>\n<p>Ancho de lonja: 2,5 cm<\/p>\n","protected":false},"featured_media":110696,"template":"","meta":[],"product_brand":[480],"product_cat":[128],"product_tag":[112],"class_list":{"0":"post-110694","1":"product","2":"type-product","3":"status-publish","4":"has-post-thumbnail","6":"product_brand-jazmin-chebar","7":"product_cat-accesorios","8":"product_tag-jazmin-chebar","10":"first","11":"instock","12":"shipping-taxable","13":"purchasable","14":"product-type-variable"},"_links":{"self":[{"href":"https:\/\/anacleta.com.ar\/es_es\/wp-json\/wp\/v2\/product\/110694","targetHints":{"allow":["GET"]}}],"collection":[{"href":"https:\/\/anacleta.com.ar\/es_es\/wp-json\/wp\/v2\/product"}],"about":[{"href":"https:\/\/anacleta.com.ar\/es_es\/wp-json\/wp\/v2\/types\/product"}],"wp:featuredmedia":[{"embeddable":true,"href":"https:\/\/anacleta.com.ar\/es_es\/wp-json\/wp\/v2\/media\/110696"}],"wp:attachment":[{"href":"https:\/\/anacleta.com.ar\/es_es\/wp-json\/wp\/v2\/media?parent=110694"}],"wp:term":[{"taxonomy":"product_brand","embeddable":true,"href":"https:\/\/anacleta.com.ar\/es_es\/wp-json\/wp\/v2\/product_brand?post=110694"},{"taxonomy":"product_cat","embeddable":true,"href":"https:\/\/anacleta.com.ar\/es_es\/wp-json\/wp\/v2\/product_cat?post=110694"},{"taxonomy":"product_tag","embeddable":true,"href":"https:\/\/anacleta.com.ar\/es_es\/wp-json\/wp\/v2\/product_tag?post=110694"}],"curies":[{"name":"wp","href":"https:\/\/api.w.org\/{rel}","templated":true}]}}