{"id":110707,"date":"2026-05-02T13:22:38","date_gmt":"2026-05-02T16:22:38","guid":{"rendered":"https:\/\/anacleta.com.ar\/?post_type=product&#038;p=110707"},"modified":"2026-05-02T13:22:38","modified_gmt":"2026-05-02T16:22:38","slug":"tapado-eloise","status":"publish","type":"product","link":"https:\/\/anacleta.com.ar\/es_es\/producto\/tapado-eloise\/","title":{"rendered":"Tapado Eloise"},"content":{"rendered":"","protected":false},"excerpt":{"rendered":"<p>El tapado Eloise es una tapado corto de pelo sint\u00e9tico curly con cuello y pu\u00f1os de ribb que le otorgan un aire moderno y sporty. Posee dos bolsillos en el frente para mayor comodidad, forrer\u00eda personalizada de la marca y chapita metalica Ginebra como detalle identitario. De fit recto y largo hasta la primera cadera, es tu abrigo comod\u00edn para cualquier look de invierno. Importado.<br \/>\n<em>Referencia modelo: Altura 1,76 Talle 2<\/em><\/p>\n","protected":false},"featured_media":110711,"template":"","meta":[],"product_brand":[481],"product_cat":[148],"product_tag":[111],"class_list":{"0":"post-110707","1":"product","2":"type-product","3":"status-publish","4":"has-post-thumbnail","6":"product_brand-ginebra","7":"product_cat-sacos-y-camperas","8":"product_tag-ginebra","10":"first","11":"instock","12":"shipping-taxable","13":"purchasable","14":"product-type-variable"},"_links":{"self":[{"href":"https:\/\/anacleta.com.ar\/es_es\/wp-json\/wp\/v2\/product\/110707","targetHints":{"allow":["GET"]}}],"collection":[{"href":"https:\/\/anacleta.com.ar\/es_es\/wp-json\/wp\/v2\/product"}],"about":[{"href":"https:\/\/anacleta.com.ar\/es_es\/wp-json\/wp\/v2\/types\/product"}],"wp:featuredmedia":[{"embeddable":true,"href":"https:\/\/anacleta.com.ar\/es_es\/wp-json\/wp\/v2\/media\/110711"}],"wp:attachment":[{"href":"https:\/\/anacleta.com.ar\/es_es\/wp-json\/wp\/v2\/media?parent=110707"}],"wp:term":[{"taxonomy":"product_brand","embeddable":true,"href":"https:\/\/anacleta.com.ar\/es_es\/wp-json\/wp\/v2\/product_brand?post=110707"},{"taxonomy":"product_cat","embeddable":true,"href":"https:\/\/anacleta.com.ar\/es_es\/wp-json\/wp\/v2\/product_cat?post=110707"},{"taxonomy":"product_tag","embeddable":true,"href":"https:\/\/anacleta.com.ar\/es_es\/wp-json\/wp\/v2\/product_tag?post=110707"}],"curies":[{"name":"wp","href":"https:\/\/api.w.org\/{rel}","templated":true}]}}