{"id":110714,"date":"2026-05-02T13:26:22","date_gmt":"2026-05-02T16:26:22","guid":{"rendered":"https:\/\/anacleta.com.ar\/?post_type=product&#038;p=110714"},"modified":"2026-05-02T13:26:22","modified_gmt":"2026-05-02T16:26:22","slug":"bufanda-menisa","status":"publish","type":"product","link":"https:\/\/anacleta.com.ar\/es_es\/producto\/bufanda-menisa\/","title":{"rendered":"Bufanda Menisa"},"content":{"rendered":"","protected":false},"excerpt":{"rendered":"<p>La maxibufanda es un comod\u00edn ideal para mantenerte abrigada y canchera en tus looks del d\u00eda a d\u00eda. Esta dise\u00f1ada con la paleta especial de la temporada y nuestro logo y tiene una textura que hace el tacto delicado.<\/p>\n","protected":false},"featured_media":110715,"template":"","meta":[],"product_brand":[481],"product_cat":[128],"product_tag":[111],"class_list":{"0":"post-110714","1":"product","2":"type-product","3":"status-publish","4":"has-post-thumbnail","6":"product_brand-ginebra","7":"product_cat-accesorios","8":"product_tag-ginebra","10":"first","11":"instock","12":"shipping-taxable","13":"purchasable","14":"product-type-simple"},"_links":{"self":[{"href":"https:\/\/anacleta.com.ar\/es_es\/wp-json\/wp\/v2\/product\/110714","targetHints":{"allow":["GET"]}}],"collection":[{"href":"https:\/\/anacleta.com.ar\/es_es\/wp-json\/wp\/v2\/product"}],"about":[{"href":"https:\/\/anacleta.com.ar\/es_es\/wp-json\/wp\/v2\/types\/product"}],"wp:featuredmedia":[{"embeddable":true,"href":"https:\/\/anacleta.com.ar\/es_es\/wp-json\/wp\/v2\/media\/110715"}],"wp:attachment":[{"href":"https:\/\/anacleta.com.ar\/es_es\/wp-json\/wp\/v2\/media?parent=110714"}],"wp:term":[{"taxonomy":"product_brand","embeddable":true,"href":"https:\/\/anacleta.com.ar\/es_es\/wp-json\/wp\/v2\/product_brand?post=110714"},{"taxonomy":"product_cat","embeddable":true,"href":"https:\/\/anacleta.com.ar\/es_es\/wp-json\/wp\/v2\/product_cat?post=110714"},{"taxonomy":"product_tag","embeddable":true,"href":"https:\/\/anacleta.com.ar\/es_es\/wp-json\/wp\/v2\/product_tag?post=110714"}],"curies":[{"name":"wp","href":"https:\/\/api.w.org\/{rel}","templated":true}]}}