{"id":110722,"date":"2026-05-02T13:35:06","date_gmt":"2026-05-02T16:35:06","guid":{"rendered":"https:\/\/anacleta.com.ar\/?post_type=product&#038;p=110722"},"modified":"2026-05-02T13:35:06","modified_gmt":"2026-05-02T16:35:06","slug":"campera-alessia","status":"publish","type":"product","link":"https:\/\/anacleta.com.ar\/es_es\/producto\/campera-alessia\/","title":{"rendered":"Campera Alessia"},"content":{"rendered":"","protected":false},"excerpt":{"rendered":"<p>La campera Alessia est\u00e1 realizada en denim de algod\u00f3n diferenciado con un efecto terciopelo, un proceso artesanal por lo que cada prenda queda \u00fanica e irrepetible, esto la vuelve una prenda vers\u00e1til para elevar cualquier look. De calce fit que entalla el cuerpo. Cuenta con el detalle de ruedos y terminaciones en piel ecol\u00f3gica, tambi\u00e9n lleva cierre con un alamar que permite mantener la forma de la prenda acentuando la cintura y estilizando el torso. A su vez tiene detalles de ojalillos en mangas en donde cruzan unos cordones de la misma tela. Para completar el total look se encuentra el jean CORINA que est\u00e1 realizado con la misma tela, lavado y recursos de esta campera. Este producto es importado.<br \/>\n<em>Referencia modelo: Altura 1,75 Talle 2<\/em><\/p>\n","protected":false},"featured_media":110728,"template":"","meta":[],"product_brand":[481],"product_cat":[148],"product_tag":[111],"class_list":{"0":"post-110722","1":"product","2":"type-product","3":"status-publish","4":"has-post-thumbnail","6":"product_brand-ginebra","7":"product_cat-sacos-y-camperas","8":"product_tag-ginebra","10":"first","11":"instock","12":"shipping-taxable","13":"purchasable","14":"product-type-variable"},"_links":{"self":[{"href":"https:\/\/anacleta.com.ar\/es_es\/wp-json\/wp\/v2\/product\/110722","targetHints":{"allow":["GET"]}}],"collection":[{"href":"https:\/\/anacleta.com.ar\/es_es\/wp-json\/wp\/v2\/product"}],"about":[{"href":"https:\/\/anacleta.com.ar\/es_es\/wp-json\/wp\/v2\/types\/product"}],"wp:featuredmedia":[{"embeddable":true,"href":"https:\/\/anacleta.com.ar\/es_es\/wp-json\/wp\/v2\/media\/110728"}],"wp:attachment":[{"href":"https:\/\/anacleta.com.ar\/es_es\/wp-json\/wp\/v2\/media?parent=110722"}],"wp:term":[{"taxonomy":"product_brand","embeddable":true,"href":"https:\/\/anacleta.com.ar\/es_es\/wp-json\/wp\/v2\/product_brand?post=110722"},{"taxonomy":"product_cat","embeddable":true,"href":"https:\/\/anacleta.com.ar\/es_es\/wp-json\/wp\/v2\/product_cat?post=110722"},{"taxonomy":"product_tag","embeddable":true,"href":"https:\/\/anacleta.com.ar\/es_es\/wp-json\/wp\/v2\/product_tag?post=110722"}],"curies":[{"name":"wp","href":"https:\/\/api.w.org\/{rel}","templated":true}]}}