{"id":110738,"date":"2026-05-04T11:28:07","date_gmt":"2026-05-04T14:28:07","guid":{"rendered":"https:\/\/anacleta.com.ar\/?post_type=product&#038;p=110738"},"modified":"2026-05-04T11:28:07","modified_gmt":"2026-05-04T14:28:07","slug":"campera-regina","status":"publish","type":"product","link":"https:\/\/anacleta.com.ar\/es_es\/producto\/campera-regina\/","title":{"rendered":"Campera Regina"},"content":{"rendered":"","protected":false},"excerpt":{"rendered":"<p>La campera Regina es una campera de denim 100% algod\u00f3n, forrada de piel ecol\u00f3gica \u00edntegramente en frente y espalda. Las mangas est\u00e1n forradas con matelasse con interior de guata. Haciendo que sea una campera super abrigada para el invierno. Cuenta con 2 tipos de piel, una m\u00e1s corta para el interior de frente y espalda, y uno m\u00e1s largo para cuellos y solapas. Tiene el detalle de dise\u00f1o de tener doble cuello, el primero teniendo una tirilla con bot\u00f3n snap para dar la posibilidad de usarlo alto y cerrado. El segundo cuello se puede desmontar. Se ingresa a la prenda mediante botones jeaneros personalizados Ginebra. En el frente de la prenda cuenta con 2 tipos de bolsillos, plaqu\u00e9 con cierre de bot\u00f3n.<br \/>\n<em>Referencia modelo: Altura 1,76 Talle 2<\/em><\/p>\n","protected":false},"featured_media":110741,"template":"","meta":[],"product_brand":[481],"product_cat":[148],"product_tag":[111],"class_list":{"0":"post-110738","1":"product","2":"type-product","3":"status-publish","4":"has-post-thumbnail","6":"product_brand-ginebra","7":"product_cat-sacos-y-camperas","8":"product_tag-ginebra","10":"first","11":"instock","12":"shipping-taxable","13":"purchasable","14":"product-type-variable"},"_links":{"self":[{"href":"https:\/\/anacleta.com.ar\/es_es\/wp-json\/wp\/v2\/product\/110738","targetHints":{"allow":["GET"]}}],"collection":[{"href":"https:\/\/anacleta.com.ar\/es_es\/wp-json\/wp\/v2\/product"}],"about":[{"href":"https:\/\/anacleta.com.ar\/es_es\/wp-json\/wp\/v2\/types\/product"}],"wp:featuredmedia":[{"embeddable":true,"href":"https:\/\/anacleta.com.ar\/es_es\/wp-json\/wp\/v2\/media\/110741"}],"wp:attachment":[{"href":"https:\/\/anacleta.com.ar\/es_es\/wp-json\/wp\/v2\/media?parent=110738"}],"wp:term":[{"taxonomy":"product_brand","embeddable":true,"href":"https:\/\/anacleta.com.ar\/es_es\/wp-json\/wp\/v2\/product_brand?post=110738"},{"taxonomy":"product_cat","embeddable":true,"href":"https:\/\/anacleta.com.ar\/es_es\/wp-json\/wp\/v2\/product_cat?post=110738"},{"taxonomy":"product_tag","embeddable":true,"href":"https:\/\/anacleta.com.ar\/es_es\/wp-json\/wp\/v2\/product_tag?post=110738"}],"curies":[{"name":"wp","href":"https:\/\/api.w.org\/{rel}","templated":true}]}}