{"id":110745,"date":"2026-05-04T11:31:09","date_gmt":"2026-05-04T14:31:09","guid":{"rendered":"https:\/\/anacleta.com.ar\/?post_type=product&#038;p=110745"},"modified":"2026-05-04T11:31:09","modified_gmt":"2026-05-04T14:31:09","slug":"campera-new-arlo","status":"publish","type":"product","link":"https:\/\/anacleta.com.ar\/es_es\/producto\/campera-new-arlo\/","title":{"rendered":"Campera New Arlo"},"content":{"rendered":"","protected":false},"excerpt":{"rendered":"<p>La campera New Arlo, realizada en denim 100% algod\u00f3n, reversible, de un lado campera de jean, canchera y cl\u00e1sica, ideal para elevar tus looks de d\u00eda; del otro, una campera de piel en mega tendencia y excelente para transicionar del d\u00eda a la noche cualquier look. Con av\u00edos personalizados y piel ecol\u00f3gica exclusiva es un art\u00edculo ideal para ser tu nuevo b\u00e1sico del placar. Bolsillos amplios y pr\u00e1cticos en ambos lados, funcionales en cualquiera de sus formas. Un sutil bordado de marca con hilo a tono en cintura ideal a este nuevo must-have.<br \/>\n<em>Referencia modelo: Altura 1,77 Talle 1<\/em><\/p>\n","protected":false},"featured_media":110749,"template":"","meta":[],"product_brand":[481],"product_cat":[148],"product_tag":[111],"class_list":{"0":"post-110745","1":"product","2":"type-product","3":"status-publish","4":"has-post-thumbnail","6":"product_brand-ginebra","7":"product_cat-sacos-y-camperas","8":"product_tag-ginebra","10":"first","11":"instock","12":"shipping-taxable","13":"purchasable","14":"product-type-variable"},"_links":{"self":[{"href":"https:\/\/anacleta.com.ar\/es_es\/wp-json\/wp\/v2\/product\/110745","targetHints":{"allow":["GET"]}}],"collection":[{"href":"https:\/\/anacleta.com.ar\/es_es\/wp-json\/wp\/v2\/product"}],"about":[{"href":"https:\/\/anacleta.com.ar\/es_es\/wp-json\/wp\/v2\/types\/product"}],"wp:featuredmedia":[{"embeddable":true,"href":"https:\/\/anacleta.com.ar\/es_es\/wp-json\/wp\/v2\/media\/110749"}],"wp:attachment":[{"href":"https:\/\/anacleta.com.ar\/es_es\/wp-json\/wp\/v2\/media?parent=110745"}],"wp:term":[{"taxonomy":"product_brand","embeddable":true,"href":"https:\/\/anacleta.com.ar\/es_es\/wp-json\/wp\/v2\/product_brand?post=110745"},{"taxonomy":"product_cat","embeddable":true,"href":"https:\/\/anacleta.com.ar\/es_es\/wp-json\/wp\/v2\/product_cat?post=110745"},{"taxonomy":"product_tag","embeddable":true,"href":"https:\/\/anacleta.com.ar\/es_es\/wp-json\/wp\/v2\/product_tag?post=110745"}],"curies":[{"name":"wp","href":"https:\/\/api.w.org\/{rel}","templated":true}]}}