{"id":110759,"date":"2026-05-04T11:49:09","date_gmt":"2026-05-04T14:49:09","guid":{"rendered":"https:\/\/anacleta.com.ar\/?post_type=product&#038;p=110759"},"modified":"2026-05-04T11:49:09","modified_gmt":"2026-05-04T14:49:09","slug":"chomba-monsaraz","status":"publish","type":"product","link":"https:\/\/anacleta.com.ar\/es_es\/producto\/chomba-monsaraz\/","title":{"rendered":"Chomba Monsaraz"},"content":{"rendered":"","protected":false},"excerpt":{"rendered":"<p>Chomba Monsaraz de estilo polo, con calce al cuerpo que realza la silueta. Presenta mangas 3\/4 con pu\u00f1os de lurex, que aportan un sutil brillo y un detalle sofisticado. Incorpora un cambio de direcci\u00f3n en el tejido del cuerpo, dise\u00f1ado para acompa\u00f1ar y marcar mejor la silueta. En la espalda lleva coraz\u00f3n cripto met\u00e1lico aplicado como sello distintivo de la marca. Ideal para looks urbanos o nocturnos con un aire femenino y contempor\u00e1neo.<\/p>\n","protected":false},"featured_media":110762,"template":"","meta":[],"product_brand":[481],"product_cat":[129],"product_tag":[111],"class_list":{"0":"post-110759","1":"product","2":"type-product","3":"status-publish","4":"has-post-thumbnail","6":"product_brand-ginebra","7":"product_cat-remeras","8":"product_tag-ginebra","10":"first","11":"instock","12":"shipping-taxable","13":"purchasable","14":"product-type-variable"},"_links":{"self":[{"href":"https:\/\/anacleta.com.ar\/es_es\/wp-json\/wp\/v2\/product\/110759","targetHints":{"allow":["GET"]}}],"collection":[{"href":"https:\/\/anacleta.com.ar\/es_es\/wp-json\/wp\/v2\/product"}],"about":[{"href":"https:\/\/anacleta.com.ar\/es_es\/wp-json\/wp\/v2\/types\/product"}],"wp:featuredmedia":[{"embeddable":true,"href":"https:\/\/anacleta.com.ar\/es_es\/wp-json\/wp\/v2\/media\/110762"}],"wp:attachment":[{"href":"https:\/\/anacleta.com.ar\/es_es\/wp-json\/wp\/v2\/media?parent=110759"}],"wp:term":[{"taxonomy":"product_brand","embeddable":true,"href":"https:\/\/anacleta.com.ar\/es_es\/wp-json\/wp\/v2\/product_brand?post=110759"},{"taxonomy":"product_cat","embeddable":true,"href":"https:\/\/anacleta.com.ar\/es_es\/wp-json\/wp\/v2\/product_cat?post=110759"},{"taxonomy":"product_tag","embeddable":true,"href":"https:\/\/anacleta.com.ar\/es_es\/wp-json\/wp\/v2\/product_tag?post=110759"}],"curies":[{"name":"wp","href":"https:\/\/api.w.org\/{rel}","templated":true}]}}