{"id":110766,"date":"2026-05-04T11:52:16","date_gmt":"2026-05-04T14:52:16","guid":{"rendered":"https:\/\/anacleta.com.ar\/?post_type=product&#038;p=110766"},"modified":"2026-05-04T11:52:16","modified_gmt":"2026-05-04T14:52:16","slug":"vestido-lucera","status":"publish","type":"product","link":"https:\/\/anacleta.com.ar\/es_es\/producto\/vestido-lucera\/","title":{"rendered":"Vestido Lucera"},"content":{"rendered":"","protected":false},"excerpt":{"rendered":"<p>Sweater cl\u00e1sico de escote en V, confeccionado en una suave mezcla de lana y cashmere que aporta abrigo, confort y una textura premium. Presenta bordado a tono aplicado en el delantero como detalle sutil de identidad. En la parte trasera incorpora un recorte que suma un giro contempor\u00e1neo a un dise\u00f1o atemporal. Una prenda elegante y vers\u00e1til, ideal para elevar looks diarios con un toque de sofisticaci\u00f3n.<br \/>\n<em>Referencia modelo: Altura 1,76 Talle 1<\/em><\/p>\n","protected":false},"featured_media":110769,"template":"","meta":[],"product_brand":[481],"product_cat":[130],"product_tag":[111],"class_list":{"0":"post-110766","1":"product","2":"type-product","3":"status-publish","4":"has-post-thumbnail","6":"product_brand-ginebra","7":"product_cat-vestidos-y-faldas","8":"product_tag-ginebra","10":"first","11":"instock","12":"shipping-taxable","13":"purchasable","14":"product-type-variable"},"_links":{"self":[{"href":"https:\/\/anacleta.com.ar\/es_es\/wp-json\/wp\/v2\/product\/110766","targetHints":{"allow":["GET"]}}],"collection":[{"href":"https:\/\/anacleta.com.ar\/es_es\/wp-json\/wp\/v2\/product"}],"about":[{"href":"https:\/\/anacleta.com.ar\/es_es\/wp-json\/wp\/v2\/types\/product"}],"wp:featuredmedia":[{"embeddable":true,"href":"https:\/\/anacleta.com.ar\/es_es\/wp-json\/wp\/v2\/media\/110769"}],"wp:attachment":[{"href":"https:\/\/anacleta.com.ar\/es_es\/wp-json\/wp\/v2\/media?parent=110766"}],"wp:term":[{"taxonomy":"product_brand","embeddable":true,"href":"https:\/\/anacleta.com.ar\/es_es\/wp-json\/wp\/v2\/product_brand?post=110766"},{"taxonomy":"product_cat","embeddable":true,"href":"https:\/\/anacleta.com.ar\/es_es\/wp-json\/wp\/v2\/product_cat?post=110766"},{"taxonomy":"product_tag","embeddable":true,"href":"https:\/\/anacleta.com.ar\/es_es\/wp-json\/wp\/v2\/product_tag?post=110766"}],"curies":[{"name":"wp","href":"https:\/\/api.w.org\/{rel}","templated":true}]}}