{"id":110788,"date":"2026-05-06T12:36:55","date_gmt":"2026-05-06T15:36:55","guid":{"rendered":"https:\/\/anacleta.com.ar\/?post_type=product&#038;p=110788"},"modified":"2026-05-06T12:36:55","modified_gmt":"2026-05-06T15:36:55","slug":"bota-electric-muse","status":"publish","type":"product","link":"https:\/\/anacleta.com.ar\/es_es\/producto\/bota-electric-muse\/","title":{"rendered":"Bota Electric Muse"},"content":{"rendered":"","protected":false},"excerpt":{"rendered":"<p>La bota con plataforma Electric muse, de cana media, est\u00e1 confeccionada 100% en cabra gamuzada. Presenta el\u00e1stico forrado en lateral, lo que permiten un buen calce y adaptaci\u00f3n a la pierna . Lleva aplique de isologo de marca color n\u00edquel en el tal\u00f3n. Su plataforma tiene una altura de 2,5cm y la altura de taco es de 12cm.<\/p>\n","protected":false},"featured_media":110791,"template":"","meta":[],"product_brand":[493],"product_cat":[281],"product_tag":[108],"class_list":{"0":"post-110788","1":"product","2":"type-product","3":"status-publish","4":"has-post-thumbnail","6":"product_brand-kosiuko","7":"product_cat-calzado","8":"product_tag-kosiuko","10":"first","11":"instock","12":"shipping-taxable","13":"purchasable","14":"product-type-variable"},"_links":{"self":[{"href":"https:\/\/anacleta.com.ar\/es_es\/wp-json\/wp\/v2\/product\/110788","targetHints":{"allow":["GET"]}}],"collection":[{"href":"https:\/\/anacleta.com.ar\/es_es\/wp-json\/wp\/v2\/product"}],"about":[{"href":"https:\/\/anacleta.com.ar\/es_es\/wp-json\/wp\/v2\/types\/product"}],"wp:featuredmedia":[{"embeddable":true,"href":"https:\/\/anacleta.com.ar\/es_es\/wp-json\/wp\/v2\/media\/110791"}],"wp:attachment":[{"href":"https:\/\/anacleta.com.ar\/es_es\/wp-json\/wp\/v2\/media?parent=110788"}],"wp:term":[{"taxonomy":"product_brand","embeddable":true,"href":"https:\/\/anacleta.com.ar\/es_es\/wp-json\/wp\/v2\/product_brand?post=110788"},{"taxonomy":"product_cat","embeddable":true,"href":"https:\/\/anacleta.com.ar\/es_es\/wp-json\/wp\/v2\/product_cat?post=110788"},{"taxonomy":"product_tag","embeddable":true,"href":"https:\/\/anacleta.com.ar\/es_es\/wp-json\/wp\/v2\/product_tag?post=110788"}],"curies":[{"name":"wp","href":"https:\/\/api.w.org\/{rel}","templated":true}]}}