{"id":110794,"date":"2026-05-06T12:48:42","date_gmt":"2026-05-06T15:48:42","guid":{"rendered":"https:\/\/anacleta.com.ar\/?post_type=product&#038;p=110794"},"modified":"2026-05-06T12:48:42","modified_gmt":"2026-05-06T15:48:42","slug":"jean-herencia-den-skull-evil-black","status":"publish","type":"product","link":"https:\/\/anacleta.com.ar\/es_es\/producto\/jean-herencia-den-skull-evil-black\/","title":{"rendered":"Jean Herencia Den Skull Evil Black"},"content":{"rendered":"","protected":false},"excerpt":{"rendered":"<p>El Jeans Herencia Den Skull Evil Black tiene fit regular con tiro medio y pierna recta. Esta confeccionado en denim premium que combina algod\u00f3n con elastano. El lavado tiene un proceso artesanal que mantiene el tono super black dandole un aspecto de desgaste m\u00e1s natural. Sugerimos un talle m\u00e1s del habitual.<\/p>\n","protected":false},"featured_media":110797,"template":"","meta":[],"product_brand":[494],"product_cat":[126,134],"product_tag":[110],"class_list":{"0":"post-110794","1":"product","2":"type-product","3":"status-publish","4":"has-post-thumbnail","6":"product_brand-herencia","7":"product_cat-denim","8":"product_cat-pantalones","9":"product_tag-herencia-custom-garage","11":"first","12":"instock","13":"shipping-taxable","14":"purchasable","15":"product-type-variable"},"_links":{"self":[{"href":"https:\/\/anacleta.com.ar\/es_es\/wp-json\/wp\/v2\/product\/110794","targetHints":{"allow":["GET"]}}],"collection":[{"href":"https:\/\/anacleta.com.ar\/es_es\/wp-json\/wp\/v2\/product"}],"about":[{"href":"https:\/\/anacleta.com.ar\/es_es\/wp-json\/wp\/v2\/types\/product"}],"wp:featuredmedia":[{"embeddable":true,"href":"https:\/\/anacleta.com.ar\/es_es\/wp-json\/wp\/v2\/media\/110797"}],"wp:attachment":[{"href":"https:\/\/anacleta.com.ar\/es_es\/wp-json\/wp\/v2\/media?parent=110794"}],"wp:term":[{"taxonomy":"product_brand","embeddable":true,"href":"https:\/\/anacleta.com.ar\/es_es\/wp-json\/wp\/v2\/product_brand?post=110794"},{"taxonomy":"product_cat","embeddable":true,"href":"https:\/\/anacleta.com.ar\/es_es\/wp-json\/wp\/v2\/product_cat?post=110794"},{"taxonomy":"product_tag","embeddable":true,"href":"https:\/\/anacleta.com.ar\/es_es\/wp-json\/wp\/v2\/product_tag?post=110794"}],"curies":[{"name":"wp","href":"https:\/\/api.w.org\/{rel}","templated":true}]}}