{"id":110808,"date":"2026-05-06T16:53:20","date_gmt":"2026-05-06T19:53:20","guid":{"rendered":"https:\/\/anacleta.com.ar\/?post_type=product&#038;p=110808"},"modified":"2026-05-06T16:53:21","modified_gmt":"2026-05-06T19:53:21","slug":"jeans-tyler-straight-premium-moss","status":"publish","type":"product","link":"https:\/\/anacleta.com.ar\/es_es\/producto\/jeans-tyler-straight-premium-moss\/","title":{"rendered":"Jeans Tyler Straight Premium Moss"},"content":{"rendered":"","protected":false},"excerpt":{"rendered":"<p>El Jeans Tyler Straight Premium Moss tiene un calce slim y tiro medio. Es ajustado desde la cadera al muslo y m\u00e1s suelto hacia la pantorrilla y bota. Est\u00e1 confeccionado en un tejido importado que combina algod\u00f3n con elastano. Tiene un tono azul matizado que se logra a trav\u00e9s de un proceso de lavado artesanal que incorpora sutiles tintes y bigotes localizados, que recrean el desgaste natural del tejido. Considera lavarlos menos, para mejorar su apriencia con el tiempo.<\/p>\n","protected":false},"featured_media":110821,"template":"","meta":[],"product_brand":[494],"product_cat":[126,134],"product_tag":[110],"class_list":{"0":"post-110808","1":"product","2":"type-product","3":"status-publish","4":"has-post-thumbnail","6":"product_brand-herencia","7":"product_cat-denim","8":"product_cat-pantalones","9":"product_tag-herencia-custom-garage","11":"first","12":"instock","13":"shipping-taxable","14":"purchasable","15":"product-type-variable"},"_links":{"self":[{"href":"https:\/\/anacleta.com.ar\/es_es\/wp-json\/wp\/v2\/product\/110808","targetHints":{"allow":["GET"]}}],"collection":[{"href":"https:\/\/anacleta.com.ar\/es_es\/wp-json\/wp\/v2\/product"}],"about":[{"href":"https:\/\/anacleta.com.ar\/es_es\/wp-json\/wp\/v2\/types\/product"}],"wp:featuredmedia":[{"embeddable":true,"href":"https:\/\/anacleta.com.ar\/es_es\/wp-json\/wp\/v2\/media\/110821"}],"wp:attachment":[{"href":"https:\/\/anacleta.com.ar\/es_es\/wp-json\/wp\/v2\/media?parent=110808"}],"wp:term":[{"taxonomy":"product_brand","embeddable":true,"href":"https:\/\/anacleta.com.ar\/es_es\/wp-json\/wp\/v2\/product_brand?post=110808"},{"taxonomy":"product_cat","embeddable":true,"href":"https:\/\/anacleta.com.ar\/es_es\/wp-json\/wp\/v2\/product_cat?post=110808"},{"taxonomy":"product_tag","embeddable":true,"href":"https:\/\/anacleta.com.ar\/es_es\/wp-json\/wp\/v2\/product_tag?post=110808"}],"curies":[{"name":"wp","href":"https:\/\/api.w.org\/{rel}","templated":true}]}}