{"id":110863,"date":"2026-05-12T18:11:00","date_gmt":"2026-05-12T21:11:00","guid":{"rendered":"https:\/\/anacleta.com.ar\/?post_type=product&#038;p=110863"},"modified":"2026-05-13T12:59:03","modified_gmt":"2026-05-13T15:59:03","slug":"campera-centella","status":"publish","type":"product","link":"https:\/\/anacleta.com.ar\/es_es\/producto\/campera-centella\/","title":{"rendered":"Campera Centella"},"content":{"rendered":"","protected":false},"excerpt":{"rendered":"<p>Bomber over confeccionada en gamuza. Cuello subido con snap oculto y manga larga larga con\u00a0pu\u00f1os. Bajo con pliegues abullonado. Cierre frontal con cremallera tira cierre met\u00e1lico. Con bolsillos\u00a0laterales.<\/p>\n<p>Composici\u00f3n:94% Poli\u00e9ster, 6% Spandex. Forrer\u00eda: 100% Poli\u00e9ster.<\/p>\n","protected":false},"featured_media":110868,"template":"","meta":[],"product_brand":[487],"product_cat":[148],"product_tag":[196],"class_list":{"0":"post-110863","1":"product","2":"type-product","3":"status-publish","4":"has-post-thumbnail","6":"product_brand-shibinda","7":"product_cat-sacos-y-camperas","8":"product_tag-shibinda","10":"first","11":"instock","12":"featured","13":"shipping-taxable","14":"purchasable","15":"product-type-variable"},"_links":{"self":[{"href":"https:\/\/anacleta.com.ar\/es_es\/wp-json\/wp\/v2\/product\/110863","targetHints":{"allow":["GET"]}}],"collection":[{"href":"https:\/\/anacleta.com.ar\/es_es\/wp-json\/wp\/v2\/product"}],"about":[{"href":"https:\/\/anacleta.com.ar\/es_es\/wp-json\/wp\/v2\/types\/product"}],"wp:featuredmedia":[{"embeddable":true,"href":"https:\/\/anacleta.com.ar\/es_es\/wp-json\/wp\/v2\/media\/110868"}],"wp:attachment":[{"href":"https:\/\/anacleta.com.ar\/es_es\/wp-json\/wp\/v2\/media?parent=110863"}],"wp:term":[{"taxonomy":"product_brand","embeddable":true,"href":"https:\/\/anacleta.com.ar\/es_es\/wp-json\/wp\/v2\/product_brand?post=110863"},{"taxonomy":"product_cat","embeddable":true,"href":"https:\/\/anacleta.com.ar\/es_es\/wp-json\/wp\/v2\/product_cat?post=110863"},{"taxonomy":"product_tag","embeddable":true,"href":"https:\/\/anacleta.com.ar\/es_es\/wp-json\/wp\/v2\/product_tag?post=110863"}],"curies":[{"name":"wp","href":"https:\/\/api.w.org\/{rel}","templated":true}]}}