{"id":110869,"date":"2026-05-12T18:20:18","date_gmt":"2026-05-12T21:20:18","guid":{"rendered":"https:\/\/anacleta.com.ar\/?post_type=product&#038;p=110869"},"modified":"2026-05-12T18:20:18","modified_gmt":"2026-05-12T21:20:18","slug":"campera-centella-2","status":"publish","type":"product","link":"https:\/\/anacleta.com.ar\/es_es\/producto\/campera-centella-2\/","title":{"rendered":"Campera Centella"},"content":{"rendered":"","protected":false},"excerpt":{"rendered":"<p>Bomber over confeccionada en gamuza. Cuello subido con snap oculto y manga larga larga con pu\u00f1os. Bajo con pliegues abullonado. Cierre frontal con cremallera tira cierre met\u00e1lico. Con bolsillos laterales.<\/p>\n<p>Composici\u00f3n:94% Poli\u00e9ster, 6% Spandex. Forrer\u00eda: 100% Poli\u00e9ster.<\/p>\n","protected":false},"featured_media":110871,"template":"","meta":[],"product_brand":[487],"product_cat":[148],"product_tag":[196],"class_list":{"0":"post-110869","1":"product","2":"type-product","3":"status-publish","4":"has-post-thumbnail","6":"product_brand-shibinda","7":"product_cat-sacos-y-camperas","8":"product_tag-shibinda","10":"first","11":"instock","12":"shipping-taxable","13":"purchasable","14":"product-type-variable"},"_links":{"self":[{"href":"https:\/\/anacleta.com.ar\/es_es\/wp-json\/wp\/v2\/product\/110869","targetHints":{"allow":["GET"]}}],"collection":[{"href":"https:\/\/anacleta.com.ar\/es_es\/wp-json\/wp\/v2\/product"}],"about":[{"href":"https:\/\/anacleta.com.ar\/es_es\/wp-json\/wp\/v2\/types\/product"}],"wp:featuredmedia":[{"embeddable":true,"href":"https:\/\/anacleta.com.ar\/es_es\/wp-json\/wp\/v2\/media\/110871"}],"wp:attachment":[{"href":"https:\/\/anacleta.com.ar\/es_es\/wp-json\/wp\/v2\/media?parent=110869"}],"wp:term":[{"taxonomy":"product_brand","embeddable":true,"href":"https:\/\/anacleta.com.ar\/es_es\/wp-json\/wp\/v2\/product_brand?post=110869"},{"taxonomy":"product_cat","embeddable":true,"href":"https:\/\/anacleta.com.ar\/es_es\/wp-json\/wp\/v2\/product_cat?post=110869"},{"taxonomy":"product_tag","embeddable":true,"href":"https:\/\/anacleta.com.ar\/es_es\/wp-json\/wp\/v2\/product_tag?post=110869"}],"curies":[{"name":"wp","href":"https:\/\/api.w.org\/{rel}","templated":true}]}}