{"id":110899,"date":"2026-05-13T18:38:42","date_gmt":"2026-05-13T21:38:42","guid":{"rendered":"https:\/\/anacleta.com.ar\/?post_type=product&#038;p=110899"},"modified":"2026-05-13T18:38:42","modified_gmt":"2026-05-13T21:38:42","slug":"vestido-encuentro-3","status":"publish","type":"product","link":"https:\/\/anacleta.com.ar\/es_es\/producto\/vestido-encuentro-3\/","title":{"rendered":"Vestido Encuentro"},"content":{"rendered":"","protected":false},"excerpt":{"rendered":"<p>Vestido corto en sat\u00e9n, cuello halter alto que cae en buche. Se prende en cuello mediante lazo que se ata. Largo asim\u00e9trico con tiras en sat\u00e9n que caen en laterales. Todo forrado.<\/p>\n<p>Composici\u00f3n:\u00a0100% Poli\u00e9ster.<\/p>\n<p>Cuidados:\u00a0Textil delicado. No rozar con otras superficies. Limpieza profesional.<\/p>\n<p>Referencia modelo:\u00a0Altura 1.75. Talle 1.<\/p>\n","protected":false},"featured_media":110901,"template":"","meta":[],"product_brand":[487],"product_cat":[125,130],"product_tag":[196],"class_list":{"0":"post-110899","1":"product","2":"type-product","3":"status-publish","4":"has-post-thumbnail","6":"product_brand-shibinda","7":"product_cat-fiesta","8":"product_cat-vestidos-y-faldas","9":"product_tag-shibinda","11":"first","12":"instock","13":"shipping-taxable","14":"purchasable","15":"product-type-variable"},"_links":{"self":[{"href":"https:\/\/anacleta.com.ar\/es_es\/wp-json\/wp\/v2\/product\/110899","targetHints":{"allow":["GET"]}}],"collection":[{"href":"https:\/\/anacleta.com.ar\/es_es\/wp-json\/wp\/v2\/product"}],"about":[{"href":"https:\/\/anacleta.com.ar\/es_es\/wp-json\/wp\/v2\/types\/product"}],"wp:featuredmedia":[{"embeddable":true,"href":"https:\/\/anacleta.com.ar\/es_es\/wp-json\/wp\/v2\/media\/110901"}],"wp:attachment":[{"href":"https:\/\/anacleta.com.ar\/es_es\/wp-json\/wp\/v2\/media?parent=110899"}],"wp:term":[{"taxonomy":"product_brand","embeddable":true,"href":"https:\/\/anacleta.com.ar\/es_es\/wp-json\/wp\/v2\/product_brand?post=110899"},{"taxonomy":"product_cat","embeddable":true,"href":"https:\/\/anacleta.com.ar\/es_es\/wp-json\/wp\/v2\/product_cat?post=110899"},{"taxonomy":"product_tag","embeddable":true,"href":"https:\/\/anacleta.com.ar\/es_es\/wp-json\/wp\/v2\/product_tag?post=110899"}],"curies":[{"name":"wp","href":"https:\/\/api.w.org\/{rel}","templated":true}]}}