{"id":110950,"date":"2026-05-13T19:15:36","date_gmt":"2026-05-13T22:15:36","guid":{"rendered":"https:\/\/anacleta.com.ar\/?post_type=product&#038;p=110950"},"modified":"2026-05-13T19:15:36","modified_gmt":"2026-05-13T22:15:36","slug":"vestido-frecuencia-2","status":"publish","type":"product","link":"https:\/\/anacleta.com.ar\/es_es\/producto\/vestido-frecuencia-2\/","title":{"rendered":"Vestido Frecuencia"},"content":{"rendered":"","protected":false},"excerpt":{"rendered":"<p style=\"font-weight: 400;\">Vestido largo, con manga larga, polera. Largo irregular, en espalda largo y en frente corto asim\u00e9trico.\u00a0De microfibra doble, con hombreras y sobe falda con nudo en frente, laterales con frunces.<\/p>\n<p style=\"font-weight: 400;\">Composici\u00f3n:\u00a090% Poli\u00e9ster, 4% Spandex.<\/p>\n<p style=\"font-weight: 400;\">Cuidados:\u00a0Lavar a mano con agua fr\u00eda. No usar lavaropas. No retorcer. No centrifugar. Secado horizontal a la sombra extendido. Plancha m\u00ednima del rev\u00e9s.<\/p>\n","protected":false},"featured_media":110952,"template":"","meta":[],"product_brand":[487],"product_cat":[125,130],"product_tag":[196],"class_list":{"0":"post-110950","1":"product","2":"type-product","3":"status-publish","4":"has-post-thumbnail","6":"product_brand-shibinda","7":"product_cat-fiesta","8":"product_cat-vestidos-y-faldas","9":"product_tag-shibinda","11":"first","12":"instock","13":"shipping-taxable","14":"purchasable","15":"product-type-variable"},"_links":{"self":[{"href":"https:\/\/anacleta.com.ar\/es_es\/wp-json\/wp\/v2\/product\/110950","targetHints":{"allow":["GET"]}}],"collection":[{"href":"https:\/\/anacleta.com.ar\/es_es\/wp-json\/wp\/v2\/product"}],"about":[{"href":"https:\/\/anacleta.com.ar\/es_es\/wp-json\/wp\/v2\/types\/product"}],"wp:featuredmedia":[{"embeddable":true,"href":"https:\/\/anacleta.com.ar\/es_es\/wp-json\/wp\/v2\/media\/110952"}],"wp:attachment":[{"href":"https:\/\/anacleta.com.ar\/es_es\/wp-json\/wp\/v2\/media?parent=110950"}],"wp:term":[{"taxonomy":"product_brand","embeddable":true,"href":"https:\/\/anacleta.com.ar\/es_es\/wp-json\/wp\/v2\/product_brand?post=110950"},{"taxonomy":"product_cat","embeddable":true,"href":"https:\/\/anacleta.com.ar\/es_es\/wp-json\/wp\/v2\/product_cat?post=110950"},{"taxonomy":"product_tag","embeddable":true,"href":"https:\/\/anacleta.com.ar\/es_es\/wp-json\/wp\/v2\/product_tag?post=110950"}],"curies":[{"name":"wp","href":"https:\/\/api.w.org\/{rel}","templated":true}]}}