{"id":110960,"date":"2026-05-13T19:25:23","date_gmt":"2026-05-13T22:25:23","guid":{"rendered":"https:\/\/anacleta.com.ar\/?post_type=product&#038;p=110960"},"modified":"2026-05-13T19:25:23","modified_gmt":"2026-05-13T22:25:23","slug":"pantalon-seda","status":"publish","type":"product","link":"https:\/\/anacleta.com.ar\/es_es\/producto\/pantalon-seda\/","title":{"rendered":"Pantalon Seda"},"content":{"rendered":"","protected":false},"excerpt":{"rendered":"<p>Pantal\u00f3n balloon en sedia, con cintura con el\u00e1stico y frunce. Bolsillos en laterales y en pu\u00f1os ruedo con bot\u00f3n.<\/p>\n<p>Composici\u00f3n:\u00a096% poli\u00e9ster, 4% Spandex.<\/p>\n<p>Cuidados:\u00a0Lavar a mano con agua fr\u00eda. Usar jab\u00f3n neutro. No usar lavandina. No centrifugar. No dejar en remojo. Plancha media del reves.<\/p>\n","protected":false},"featured_media":110963,"template":"","meta":[],"product_brand":[487],"product_cat":[134],"product_tag":[196],"class_list":{"0":"post-110960","1":"product","2":"type-product","3":"status-publish","4":"has-post-thumbnail","6":"product_brand-shibinda","7":"product_cat-pantalones","8":"product_tag-shibinda","10":"first","11":"instock","12":"shipping-taxable","13":"purchasable","14":"product-type-variable"},"_links":{"self":[{"href":"https:\/\/anacleta.com.ar\/es_es\/wp-json\/wp\/v2\/product\/110960","targetHints":{"allow":["GET"]}}],"collection":[{"href":"https:\/\/anacleta.com.ar\/es_es\/wp-json\/wp\/v2\/product"}],"about":[{"href":"https:\/\/anacleta.com.ar\/es_es\/wp-json\/wp\/v2\/types\/product"}],"wp:featuredmedia":[{"embeddable":true,"href":"https:\/\/anacleta.com.ar\/es_es\/wp-json\/wp\/v2\/media\/110963"}],"wp:attachment":[{"href":"https:\/\/anacleta.com.ar\/es_es\/wp-json\/wp\/v2\/media?parent=110960"}],"wp:term":[{"taxonomy":"product_brand","embeddable":true,"href":"https:\/\/anacleta.com.ar\/es_es\/wp-json\/wp\/v2\/product_brand?post=110960"},{"taxonomy":"product_cat","embeddable":true,"href":"https:\/\/anacleta.com.ar\/es_es\/wp-json\/wp\/v2\/product_cat?post=110960"},{"taxonomy":"product_tag","embeddable":true,"href":"https:\/\/anacleta.com.ar\/es_es\/wp-json\/wp\/v2\/product_tag?post=110960"}],"curies":[{"name":"wp","href":"https:\/\/api.w.org\/{rel}","templated":true}]}}