{"id":110965,"date":"2026-05-13T19:27:51","date_gmt":"2026-05-13T22:27:51","guid":{"rendered":"https:\/\/anacleta.com.ar\/?post_type=product&#038;p=110965"},"modified":"2026-05-13T19:27:51","modified_gmt":"2026-05-13T22:27:51","slug":"pantalon-seda-2","status":"publish","type":"product","link":"https:\/\/anacleta.com.ar\/es_es\/producto\/pantalon-seda-2\/","title":{"rendered":"Pantalon Seda"},"content":{"rendered":"","protected":false},"excerpt":{"rendered":"<p>Pantal\u00f3n balloon en sedia, con cintura con el\u00e1stico y frunce. Bolsillos en laterales y en pu\u00f1os ruedo\u00a0con bot\u00f3n.<\/p>\n<p>Composici\u00f3n:\u00a096% poli\u00e9ster, 4% Spandex.<\/p>\n<p>Cuidados:\u00a0Lavar a mano con agua fr\u00eda. Usar jab\u00f3n neutro. No usar lavandina. No centrifugar. No dejar en remojo. Plancha media del reves.<\/p>\n","protected":false},"featured_media":110968,"template":"","meta":[],"product_brand":[487],"product_cat":[134],"product_tag":[196],"class_list":{"0":"post-110965","1":"product","2":"type-product","3":"status-publish","4":"has-post-thumbnail","6":"product_brand-shibinda","7":"product_cat-pantalones","8":"product_tag-shibinda","10":"first","11":"instock","12":"shipping-taxable","13":"purchasable","14":"product-type-variable"},"_links":{"self":[{"href":"https:\/\/anacleta.com.ar\/es_es\/wp-json\/wp\/v2\/product\/110965","targetHints":{"allow":["GET"]}}],"collection":[{"href":"https:\/\/anacleta.com.ar\/es_es\/wp-json\/wp\/v2\/product"}],"about":[{"href":"https:\/\/anacleta.com.ar\/es_es\/wp-json\/wp\/v2\/types\/product"}],"wp:featuredmedia":[{"embeddable":true,"href":"https:\/\/anacleta.com.ar\/es_es\/wp-json\/wp\/v2\/media\/110968"}],"wp:attachment":[{"href":"https:\/\/anacleta.com.ar\/es_es\/wp-json\/wp\/v2\/media?parent=110965"}],"wp:term":[{"taxonomy":"product_brand","embeddable":true,"href":"https:\/\/anacleta.com.ar\/es_es\/wp-json\/wp\/v2\/product_brand?post=110965"},{"taxonomy":"product_cat","embeddable":true,"href":"https:\/\/anacleta.com.ar\/es_es\/wp-json\/wp\/v2\/product_cat?post=110965"},{"taxonomy":"product_tag","embeddable":true,"href":"https:\/\/anacleta.com.ar\/es_es\/wp-json\/wp\/v2\/product_tag?post=110965"}],"curies":[{"name":"wp","href":"https:\/\/api.w.org\/{rel}","templated":true}]}}