{"id":86226,"date":"2024-09-03T20:05:59","date_gmt":"2024-09-03T23:05:59","guid":{"rendered":"https:\/\/anacleta.com.ar\/?post_type=product&#038;p=86226"},"modified":"2025-12-04T18:33:59","modified_gmt":"2025-12-04T21:33:59","slug":"tote-lock","status":"publish","type":"product","link":"https:\/\/anacleta.com.ar\/es_es\/producto\/tote-lock\/","title":{"rendered":"Tote Lock"},"content":{"rendered":"","protected":false},"excerpt":{"rendered":"<p>Tote Lock de gran tama\u00f1o realizado en cuero vacuno graneado. El acceso es gracias a un im\u00e1n oculto y su interior est\u00e1 forrado en tejido jacquard y tiene un bolsillo con cierre. Tiene correa de cuero que permite usarla colgada al hombro. El aplique Lock fue dise\u00f1ado exclusivamente para esta familia de productos.<\/p>\n<p>Composici\u00f3n: CUERPO: 100% cuero vacuno flor FORRER\u00cdA: 100% poli\u00e9ster CORREA: 100% cuero vacuno flor<\/p>\n","protected":false},"featured_media":86227,"template":"","meta":[],"product_brand":[480],"product_cat":[128],"product_tag":[112],"class_list":{"0":"post-86226","1":"product","2":"type-product","3":"status-publish","4":"has-post-thumbnail","6":"product_brand-jazmin-chebar","7":"product_cat-accesorios","8":"product_tag-jazmin-chebar","10":"first","11":"instock","12":"shipping-taxable","13":"purchasable","14":"product-type-simple"},"_links":{"self":[{"href":"https:\/\/anacleta.com.ar\/es_es\/wp-json\/wp\/v2\/product\/86226","targetHints":{"allow":["GET"]}}],"collection":[{"href":"https:\/\/anacleta.com.ar\/es_es\/wp-json\/wp\/v2\/product"}],"about":[{"href":"https:\/\/anacleta.com.ar\/es_es\/wp-json\/wp\/v2\/types\/product"}],"wp:featuredmedia":[{"embeddable":true,"href":"https:\/\/anacleta.com.ar\/es_es\/wp-json\/wp\/v2\/media\/86227"}],"wp:attachment":[{"href":"https:\/\/anacleta.com.ar\/es_es\/wp-json\/wp\/v2\/media?parent=86226"}],"wp:term":[{"taxonomy":"product_brand","embeddable":true,"href":"https:\/\/anacleta.com.ar\/es_es\/wp-json\/wp\/v2\/product_brand?post=86226"},{"taxonomy":"product_cat","embeddable":true,"href":"https:\/\/anacleta.com.ar\/es_es\/wp-json\/wp\/v2\/product_cat?post=86226"},{"taxonomy":"product_tag","embeddable":true,"href":"https:\/\/anacleta.com.ar\/es_es\/wp-json\/wp\/v2\/product_tag?post=86226"}],"curies":[{"name":"wp","href":"https:\/\/api.w.org\/{rel}","templated":true}]}}