{"id":86321,"date":"2024-09-09T20:20:59","date_gmt":"2024-09-09T23:20:59","guid":{"rendered":"https:\/\/anacleta.com.ar\/?post_type=product&#038;p=86321"},"modified":"2026-02-14T11:18:14","modified_gmt":"2026-02-14T14:18:14","slug":"vestido-ariana-2","status":"publish","type":"product","link":"https:\/\/anacleta.com.ar\/es_es\/producto\/vestido-ariana-2\/","title":{"rendered":"Vestido Ariana"},"content":{"rendered":"","protected":false},"excerpt":{"rendered":"<p>Vestido largo de lentejuelas. Tiene sustracciones en su delantero con jaretas y lazos para regular su forma y ajuste. Tiene tajo profundo en delantero y cierre en espalda para su acceso. Prenda con forreria corta y porcentaje de estiramiento medio.<\/p>\n<p>Composici\u00f3n:\u00a0100% Poli\u00e9ster. Forrer\u00eda: 94% Poli\u00e9ster, 6% Spandex.<\/p>\n<p>Cuidados:\u00a0Textil delicado. No rozar con otras superficies. Limpieza profesional.<\/p>\n","protected":false},"featured_media":86325,"template":"","meta":[],"product_brand":[487],"product_cat":[492,475,130],"product_tag":[196],"class_list":{"0":"post-86321","1":"product","2":"type-product","3":"status-publish","4":"has-post-thumbnail","6":"product_brand-shibinda","7":"product_cat-2x1","8":"product_cat-hotsale","9":"product_cat-vestidos-y-faldas","10":"product_tag-shibinda","12":"first","13":"instock","14":"shipping-taxable","15":"purchasable","16":"product-type-variable"},"_links":{"self":[{"href":"https:\/\/anacleta.com.ar\/es_es\/wp-json\/wp\/v2\/product\/86321","targetHints":{"allow":["GET"]}}],"collection":[{"href":"https:\/\/anacleta.com.ar\/es_es\/wp-json\/wp\/v2\/product"}],"about":[{"href":"https:\/\/anacleta.com.ar\/es_es\/wp-json\/wp\/v2\/types\/product"}],"wp:featuredmedia":[{"embeddable":true,"href":"https:\/\/anacleta.com.ar\/es_es\/wp-json\/wp\/v2\/media\/86325"}],"wp:attachment":[{"href":"https:\/\/anacleta.com.ar\/es_es\/wp-json\/wp\/v2\/media?parent=86321"}],"wp:term":[{"taxonomy":"product_brand","embeddable":true,"href":"https:\/\/anacleta.com.ar\/es_es\/wp-json\/wp\/v2\/product_brand?post=86321"},{"taxonomy":"product_cat","embeddable":true,"href":"https:\/\/anacleta.com.ar\/es_es\/wp-json\/wp\/v2\/product_cat?post=86321"},{"taxonomy":"product_tag","embeddable":true,"href":"https:\/\/anacleta.com.ar\/es_es\/wp-json\/wp\/v2\/product_tag?post=86321"}],"curies":[{"name":"wp","href":"https:\/\/api.w.org\/{rel}","templated":true}]}}