{"id":88550,"date":"2024-11-04T20:04:26","date_gmt":"2024-11-04T23:04:26","guid":{"rendered":"https:\/\/anacleta.com.ar\/?post_type=product&#038;p=88550"},"modified":"2025-12-04T18:29:05","modified_gmt":"2025-12-04T21:29:05","slug":"baulito-lipstick-knit","status":"publish","type":"product","link":"https:\/\/anacleta.com.ar\/es_es\/producto\/baulito-lipstick-knit\/","title":{"rendered":"Baulito Lipstick Knit"},"content":{"rendered":"","protected":false},"excerpt":{"rendered":"<p>Baulito Lipstick Knit de tama\u00f1o intermedio realizado en rafia combinado con cuero vacuno graneado. El acceso es gracias a un cierre met\u00e1lico. El interior est\u00e1 forrado con tejido jacquard y cuenta con un bolsillo plaqu\u00e9 para mayor comodidad en el guardado. Tiene doble agarre; puede usarse de mano, gracias a sus manijas, o puede usarse colgada al hombro o cruzado gracias a su correa larga. Sobre el frente tiene un aplique Lipstick, caracter\u00edstico de esta familia de productos<\/p>\n<p>Composici\u00f3n: Cuerpo: 70% algod\u00f3n 20% cuero vacuno flor 10% poli\u00e9ster Forreria: 100% poli\u00e9ster Correas: 100% cuero vacuno flor<\/p>\n<p>Medidas: Alto: 18 cm Ancho: 30 cm Profundidad: 12 cm<\/p>\n","protected":false},"featured_media":88552,"template":"","meta":[],"product_brand":[480],"product_cat":[128],"product_tag":[112],"class_list":{"0":"post-88550","1":"product","2":"type-product","3":"status-publish","4":"has-post-thumbnail","6":"product_brand-jazmin-chebar","7":"product_cat-accesorios","8":"product_tag-jazmin-chebar","10":"first","11":"instock","12":"shipping-taxable","13":"purchasable","14":"product-type-simple"},"_links":{"self":[{"href":"https:\/\/anacleta.com.ar\/es_es\/wp-json\/wp\/v2\/product\/88550","targetHints":{"allow":["GET"]}}],"collection":[{"href":"https:\/\/anacleta.com.ar\/es_es\/wp-json\/wp\/v2\/product"}],"about":[{"href":"https:\/\/anacleta.com.ar\/es_es\/wp-json\/wp\/v2\/types\/product"}],"wp:featuredmedia":[{"embeddable":true,"href":"https:\/\/anacleta.com.ar\/es_es\/wp-json\/wp\/v2\/media\/88552"}],"wp:attachment":[{"href":"https:\/\/anacleta.com.ar\/es_es\/wp-json\/wp\/v2\/media?parent=88550"}],"wp:term":[{"taxonomy":"product_brand","embeddable":true,"href":"https:\/\/anacleta.com.ar\/es_es\/wp-json\/wp\/v2\/product_brand?post=88550"},{"taxonomy":"product_cat","embeddable":true,"href":"https:\/\/anacleta.com.ar\/es_es\/wp-json\/wp\/v2\/product_cat?post=88550"},{"taxonomy":"product_tag","embeddable":true,"href":"https:\/\/anacleta.com.ar\/es_es\/wp-json\/wp\/v2\/product_tag?post=88550"}],"curies":[{"name":"wp","href":"https:\/\/api.w.org\/{rel}","templated":true}]}}