{"id":88986,"date":"2024-11-19T20:03:38","date_gmt":"2024-11-19T23:03:38","guid":{"rendered":"https:\/\/anacleta.com.ar\/?post_type=product&#038;p=88986"},"modified":"2026-03-28T13:46:21","modified_gmt":"2026-03-28T16:46:21","slug":"zapatilla-groovy-2","status":"publish","type":"product","link":"https:\/\/anacleta.com.ar\/es_es\/producto\/zapatilla-groovy-2\/","title":{"rendered":"Zapatilla Groovy"},"content":{"rendered":"","protected":false},"excerpt":{"rendered":"<p>Zapatilla Groovy baja acordonada realizada en cuero vacuno combinado con cuero vacuno descarne que le otorgan a este calzado un juego de texturas y materialidades. Sobre los laterales tiene logo JCH gofrado. Sobre el tal\u00f3n tiene un aplique mini lipstick. El interior est\u00e1 forrado en cuero vacuno que las hacen s\u00faper c\u00f3modas y cancheras para todos los d\u00edas.<\/p>\n<p>Composici\u00f3n: Capellada: 90% cuero vacuno flor 10% cuero vacuno descarne Forreria: 100% poli\u00e9ster Suela: 100% caucho<\/p>\n<p>Medidas: Alto de base: 2 cm<\/p>\n","protected":false},"featured_media":88992,"template":"","meta":[],"product_brand":[],"product_cat":[281],"product_tag":[],"class_list":{"0":"post-88986","1":"product","2":"type-product","3":"status-publish","4":"has-post-thumbnail","6":"product_cat-calzado","8":"first","9":"instock","10":"sale","11":"shipping-taxable","12":"purchasable","13":"product-type-variable"},"_links":{"self":[{"href":"https:\/\/anacleta.com.ar\/es_es\/wp-json\/wp\/v2\/product\/88986","targetHints":{"allow":["GET"]}}],"collection":[{"href":"https:\/\/anacleta.com.ar\/es_es\/wp-json\/wp\/v2\/product"}],"about":[{"href":"https:\/\/anacleta.com.ar\/es_es\/wp-json\/wp\/v2\/types\/product"}],"wp:featuredmedia":[{"embeddable":true,"href":"https:\/\/anacleta.com.ar\/es_es\/wp-json\/wp\/v2\/media\/88992"}],"wp:attachment":[{"href":"https:\/\/anacleta.com.ar\/es_es\/wp-json\/wp\/v2\/media?parent=88986"}],"wp:term":[{"taxonomy":"product_brand","embeddable":true,"href":"https:\/\/anacleta.com.ar\/es_es\/wp-json\/wp\/v2\/product_brand?post=88986"},{"taxonomy":"product_cat","embeddable":true,"href":"https:\/\/anacleta.com.ar\/es_es\/wp-json\/wp\/v2\/product_cat?post=88986"},{"taxonomy":"product_tag","embeddable":true,"href":"https:\/\/anacleta.com.ar\/es_es\/wp-json\/wp\/v2\/product_tag?post=88986"}],"curies":[{"name":"wp","href":"https:\/\/api.w.org\/{rel}","templated":true}]}}