{"id":89691,"date":"2024-12-06T18:48:25","date_gmt":"2024-12-06T21:48:25","guid":{"rendered":"https:\/\/anacleta.com.ar\/?post_type=product&#038;p=89691"},"modified":"2026-02-14T11:02:41","modified_gmt":"2026-02-14T14:02:41","slug":"short-chelsea-2","status":"publish","type":"product","link":"https:\/\/anacleta.com.ar\/es_es\/producto\/short-chelsea-2\/","title":{"rendered":"Short Chelsea"},"content":{"rendered":"","protected":false},"excerpt":{"rendered":"<p>El Short Chelsea est\u00e1 confeccionado en 100% lino. Fit relajado, corte evas\u00e9, mucho volumen y tiro medio. De tipolog\u00eda sastrera con detalles de pinzas en delantero, bolsillos ojal en espalda y dos bolsillos en delantero. Acceso a trav\u00e9s de cierre de nylon a tono, gancho sastrero y bot\u00f3n interno. Como valor agregado tiene una etiqueta personalizada con bordado Ginebra en la espalda. Es un cl\u00e1sico fresco que pod\u00e9s usar tanto para el d\u00eda como la noche.<\/p>\n<p>Referencia modelo: Altura 1,78 Talle 1<\/p>\n","protected":false},"featured_media":89695,"template":"","meta":[],"product_brand":[481],"product_cat":[492,491,475,274],"product_tag":[111],"class_list":{"0":"post-89691","1":"product","2":"type-product","3":"status-publish","4":"has-post-thumbnail","6":"product_brand-ginebra","7":"product_cat-2x1","8":"product_cat-flash-market","9":"product_cat-hotsale","10":"product_cat-shorts","11":"product_tag-ginebra","13":"first","14":"instock","15":"shipping-taxable","16":"purchasable","17":"product-type-variable"},"_links":{"self":[{"href":"https:\/\/anacleta.com.ar\/es_es\/wp-json\/wp\/v2\/product\/89691","targetHints":{"allow":["GET"]}}],"collection":[{"href":"https:\/\/anacleta.com.ar\/es_es\/wp-json\/wp\/v2\/product"}],"about":[{"href":"https:\/\/anacleta.com.ar\/es_es\/wp-json\/wp\/v2\/types\/product"}],"wp:featuredmedia":[{"embeddable":true,"href":"https:\/\/anacleta.com.ar\/es_es\/wp-json\/wp\/v2\/media\/89695"}],"wp:attachment":[{"href":"https:\/\/anacleta.com.ar\/es_es\/wp-json\/wp\/v2\/media?parent=89691"}],"wp:term":[{"taxonomy":"product_brand","embeddable":true,"href":"https:\/\/anacleta.com.ar\/es_es\/wp-json\/wp\/v2\/product_brand?post=89691"},{"taxonomy":"product_cat","embeddable":true,"href":"https:\/\/anacleta.com.ar\/es_es\/wp-json\/wp\/v2\/product_cat?post=89691"},{"taxonomy":"product_tag","embeddable":true,"href":"https:\/\/anacleta.com.ar\/es_es\/wp-json\/wp\/v2\/product_tag?post=89691"}],"curies":[{"name":"wp","href":"https:\/\/api.w.org\/{rel}","templated":true}]}}