{"id":89832,"date":"2024-12-12T18:23:38","date_gmt":"2024-12-12T21:23:38","guid":{"rendered":"https:\/\/anacleta.com.ar\/?post_type=product&#038;p=89832"},"modified":"2026-02-13T19:48:40","modified_gmt":"2026-02-13T22:48:40","slug":"vestido-satin","status":"publish","type":"product","link":"https:\/\/anacleta.com.ar\/es_es\/producto\/vestido-satin\/","title":{"rendered":"Vestido Satin"},"content":{"rendered":"","protected":false},"excerpt":{"rendered":"<p>Vestido corto en creppe sastrero con l\u00farex. Strapless, con ballenas en busto para mejor calce. Tiene sustracciones en ambos laterales, que unen las piezas con peque\u00f1os ojales y tiras el\u00e1sticas para atar y regular su ajuste. Se encuentra \u00edntegramente forrado.<\/p>\n<p><strong>Composici\u00f3n:<\/strong>\u00a0Tela base\u00a091% poli\u00e9ster 7% l\u00farex 2% spandex. Forrer\u00eda: 100% poli\u00e9ster.<\/p>\n<p><strong>Cuidados:\u00a0<\/strong>Prenda delicada. Evitar roces con otras superficies.\u00a0Esta prenda puede desprender brillo propio del textil base. Limpieza profesional en seco.<\/p>\n<p><strong>Referencia modelo:<\/strong>\u00a0Altura 1,72. Talle S.<\/p>\n","protected":false},"featured_media":89835,"template":"","meta":[],"product_brand":[487],"product_cat":[492,475,130],"product_tag":[196],"class_list":{"0":"post-89832","1":"product","2":"type-product","3":"status-publish","4":"has-post-thumbnail","6":"product_brand-shibinda","7":"product_cat-2x1","8":"product_cat-hotsale","9":"product_cat-vestidos-y-faldas","10":"product_tag-shibinda","12":"first","13":"instock","14":"shipping-taxable","15":"purchasable","16":"product-type-variable"},"_links":{"self":[{"href":"https:\/\/anacleta.com.ar\/es_es\/wp-json\/wp\/v2\/product\/89832","targetHints":{"allow":["GET"]}}],"collection":[{"href":"https:\/\/anacleta.com.ar\/es_es\/wp-json\/wp\/v2\/product"}],"about":[{"href":"https:\/\/anacleta.com.ar\/es_es\/wp-json\/wp\/v2\/types\/product"}],"wp:featuredmedia":[{"embeddable":true,"href":"https:\/\/anacleta.com.ar\/es_es\/wp-json\/wp\/v2\/media\/89835"}],"wp:attachment":[{"href":"https:\/\/anacleta.com.ar\/es_es\/wp-json\/wp\/v2\/media?parent=89832"}],"wp:term":[{"taxonomy":"product_brand","embeddable":true,"href":"https:\/\/anacleta.com.ar\/es_es\/wp-json\/wp\/v2\/product_brand?post=89832"},{"taxonomy":"product_cat","embeddable":true,"href":"https:\/\/anacleta.com.ar\/es_es\/wp-json\/wp\/v2\/product_cat?post=89832"},{"taxonomy":"product_tag","embeddable":true,"href":"https:\/\/anacleta.com.ar\/es_es\/wp-json\/wp\/v2\/product_tag?post=89832"}],"curies":[{"name":"wp","href":"https:\/\/api.w.org\/{rel}","templated":true}]}}