{"id":89917,"date":"2024-12-13T18:36:30","date_gmt":"2024-12-13T21:36:30","guid":{"rendered":"https:\/\/anacleta.com.ar\/?post_type=product&#038;p=89917"},"modified":"2026-02-13T19:49:04","modified_gmt":"2026-02-13T22:49:04","slug":"bandeau-abba","status":"publish","type":"product","link":"https:\/\/anacleta.com.ar\/es_es\/producto\/bandeau-abba\/","title":{"rendered":"Bandeau Abba"},"content":{"rendered":"","protected":false},"excerpt":{"rendered":"<p>Top bandeau doble de mesh con l\u00farex, forrado, con el\u00e1stico en la parte superior para un mejor ajuste. Prenda con alto porcentaje de estiramiento.<\/p>\n<p>Composici\u00f3n:\u00a087% Nylon, 8% Poli\u00e9ster, 5% Spandex.<\/p>\n<p>Cuidados:\u00a0Prenda delicada. Lavar a mano con agua fr\u00eda y jab\u00f3n neutro. No dejar en remojo. No centrifugar. No usar lej\u00eda. No planchar. Secado horizontal.<\/p>\n<p>Referencia modelo:\u00a0Altura 1,76. Talle 1.<\/p>\n","protected":false},"featured_media":89921,"template":"","meta":[],"product_brand":[487],"product_cat":[492,475,181],"product_tag":[196],"class_list":{"0":"post-89917","1":"product","2":"type-product","3":"status-publish","4":"has-post-thumbnail","6":"product_brand-shibinda","7":"product_cat-2x1","8":"product_cat-hotsale","9":"product_cat-tops","10":"product_tag-shibinda","12":"first","13":"instock","14":"shipping-taxable","15":"purchasable","16":"product-type-variable"},"_links":{"self":[{"href":"https:\/\/anacleta.com.ar\/es_es\/wp-json\/wp\/v2\/product\/89917","targetHints":{"allow":["GET"]}}],"collection":[{"href":"https:\/\/anacleta.com.ar\/es_es\/wp-json\/wp\/v2\/product"}],"about":[{"href":"https:\/\/anacleta.com.ar\/es_es\/wp-json\/wp\/v2\/types\/product"}],"wp:featuredmedia":[{"embeddable":true,"href":"https:\/\/anacleta.com.ar\/es_es\/wp-json\/wp\/v2\/media\/89921"}],"wp:attachment":[{"href":"https:\/\/anacleta.com.ar\/es_es\/wp-json\/wp\/v2\/media?parent=89917"}],"wp:term":[{"taxonomy":"product_brand","embeddable":true,"href":"https:\/\/anacleta.com.ar\/es_es\/wp-json\/wp\/v2\/product_brand?post=89917"},{"taxonomy":"product_cat","embeddable":true,"href":"https:\/\/anacleta.com.ar\/es_es\/wp-json\/wp\/v2\/product_cat?post=89917"},{"taxonomy":"product_tag","embeddable":true,"href":"https:\/\/anacleta.com.ar\/es_es\/wp-json\/wp\/v2\/product_tag?post=89917"}],"curies":[{"name":"wp","href":"https:\/\/api.w.org\/{rel}","templated":true}]}}