{"id":90149,"date":"2024-12-17T20:02:57","date_gmt":"2024-12-17T23:02:57","guid":{"rendered":"https:\/\/anacleta.com.ar\/?post_type=product&#038;p=90149"},"modified":"2025-12-27T10:58:52","modified_gmt":"2025-12-27T13:58:52","slug":"short-sally","status":"publish","type":"product","link":"https:\/\/anacleta.com.ar\/es_es\/producto\/short-sally\/","title":{"rendered":"Short Sally"},"content":{"rendered":"","protected":false},"excerpt":{"rendered":"<p>Short Sally de tiro alto, bien corto en color azul oscuro. Tiene lycra para hacerlo c\u00f3modo sin perder las caracter\u00edsticas propias de un short cl\u00e1sico de jeans.<\/p>\n<p>Composici\u00f3n: 99% algod\u00f3n, 1% elastano<\/p>\n<p>Referencia modelo Florencia :Altura 1,73 Talle: 24<\/p>\n","protected":false},"featured_media":90155,"template":"","meta":[],"product_brand":[480],"product_cat":[274],"product_tag":[112],"class_list":{"0":"post-90149","1":"product","2":"type-product","3":"status-publish","4":"has-post-thumbnail","6":"product_brand-jazmin-chebar","7":"product_cat-shorts","8":"product_tag-jazmin-chebar","10":"first","11":"instock","12":"shipping-taxable","13":"purchasable","14":"product-type-variable"},"_links":{"self":[{"href":"https:\/\/anacleta.com.ar\/es_es\/wp-json\/wp\/v2\/product\/90149","targetHints":{"allow":["GET"]}}],"collection":[{"href":"https:\/\/anacleta.com.ar\/es_es\/wp-json\/wp\/v2\/product"}],"about":[{"href":"https:\/\/anacleta.com.ar\/es_es\/wp-json\/wp\/v2\/types\/product"}],"wp:featuredmedia":[{"embeddable":true,"href":"https:\/\/anacleta.com.ar\/es_es\/wp-json\/wp\/v2\/media\/90155"}],"wp:attachment":[{"href":"https:\/\/anacleta.com.ar\/es_es\/wp-json\/wp\/v2\/media?parent=90149"}],"wp:term":[{"taxonomy":"product_brand","embeddable":true,"href":"https:\/\/anacleta.com.ar\/es_es\/wp-json\/wp\/v2\/product_brand?post=90149"},{"taxonomy":"product_cat","embeddable":true,"href":"https:\/\/anacleta.com.ar\/es_es\/wp-json\/wp\/v2\/product_cat?post=90149"},{"taxonomy":"product_tag","embeddable":true,"href":"https:\/\/anacleta.com.ar\/es_es\/wp-json\/wp\/v2\/product_tag?post=90149"}],"curies":[{"name":"wp","href":"https:\/\/api.w.org\/{rel}","templated":true}]}}