{"id":90367,"date":"2024-12-28T20:39:50","date_gmt":"2024-12-28T23:39:50","guid":{"rendered":"https:\/\/anacleta.com.ar\/?post_type=product&#038;p=90367"},"modified":"2026-03-28T13:44:45","modified_gmt":"2026-03-28T16:44:45","slug":"vestido-roonie","status":"publish","type":"product","link":"https:\/\/anacleta.com.ar\/es_es\/producto\/vestido-roonie\/","title":{"rendered":"Vestido Roonie"},"content":{"rendered":"","protected":false},"excerpt":{"rendered":"<p>Vestido Roonie es largo confeccionado en tela de punto lisa, con breteles finitos tipo musculosa y escote recto. Es de fit al cuerpo, un item ideal para el verano.<\/p>\n<p>Composici\u00f3n: 79% algod\u00f3n 21% poli\u00e9ster<\/p>\n<p>Referencia modelo Purpura: Altura 1,73 Talle: 1<\/p>\n","protected":false},"featured_media":90370,"template":"","meta":[],"product_brand":[480],"product_cat":[492,491,461,130],"product_tag":[112],"class_list":{"0":"post-90367","1":"product","2":"type-product","3":"status-publish","4":"has-post-thumbnail","6":"product_brand-jazmin-chebar","7":"product_cat-2x1","8":"product_cat-flash-market","9":"product_cat-todo-para-chebar","10":"product_cat-vestidos-y-faldas","11":"product_tag-jazmin-chebar","13":"first","14":"instock","15":"sale","16":"shipping-taxable","17":"purchasable","18":"product-type-variable"},"_links":{"self":[{"href":"https:\/\/anacleta.com.ar\/es_es\/wp-json\/wp\/v2\/product\/90367","targetHints":{"allow":["GET"]}}],"collection":[{"href":"https:\/\/anacleta.com.ar\/es_es\/wp-json\/wp\/v2\/product"}],"about":[{"href":"https:\/\/anacleta.com.ar\/es_es\/wp-json\/wp\/v2\/types\/product"}],"wp:featuredmedia":[{"embeddable":true,"href":"https:\/\/anacleta.com.ar\/es_es\/wp-json\/wp\/v2\/media\/90370"}],"wp:attachment":[{"href":"https:\/\/anacleta.com.ar\/es_es\/wp-json\/wp\/v2\/media?parent=90367"}],"wp:term":[{"taxonomy":"product_brand","embeddable":true,"href":"https:\/\/anacleta.com.ar\/es_es\/wp-json\/wp\/v2\/product_brand?post=90367"},{"taxonomy":"product_cat","embeddable":true,"href":"https:\/\/anacleta.com.ar\/es_es\/wp-json\/wp\/v2\/product_cat?post=90367"},{"taxonomy":"product_tag","embeddable":true,"href":"https:\/\/anacleta.com.ar\/es_es\/wp-json\/wp\/v2\/product_tag?post=90367"}],"curies":[{"name":"wp","href":"https:\/\/api.w.org\/{rel}","templated":true}]}}