{"id":90475,"date":"2024-12-30T11:32:59","date_gmt":"2024-12-30T14:32:59","guid":{"rendered":"https:\/\/anacleta.com.ar\/?post_type=product&#038;p=90475"},"modified":"2026-03-28T13:16:03","modified_gmt":"2026-03-28T16:16:03","slug":"tarjetero-tulum-4","status":"publish","type":"product","link":"https:\/\/anacleta.com.ar\/es_es\/producto\/tarjetero-tulum-4\/","title":{"rendered":"Tarjetero Tulum"},"content":{"rendered":"","protected":false},"excerpt":{"rendered":"<p>Tarjetero Tulum realizado en cuero vacuno en su totalidad con muchas divisiones para que puedas guardar c\u00f3modamente tus tarjetas. El interior est\u00e1 forrado en tejido jacquard y sobre el frente tiene un aplique met\u00e1lico, dise\u00f1ado exclusivamente para esta colecci\u00f3n.<\/p>\n<p>Composici\u00f3n: Cuerpo: 100% Cuero vacuno flor Forrer\u00eda: 100% Poli\u00e9ster<\/p>\n<p>Medidas: Alto: 8 cm Ancho: 10 cm<\/p>\n","protected":false},"featured_media":90476,"template":"","meta":[],"product_brand":[480],"product_cat":[128],"product_tag":[112],"class_list":{"0":"post-90475","1":"product","2":"type-product","3":"status-publish","4":"has-post-thumbnail","6":"product_brand-jazmin-chebar","7":"product_cat-accesorios","8":"product_tag-jazmin-chebar","10":"first","11":"instock","12":"sale","13":"shipping-taxable","14":"purchasable","15":"product-type-simple"},"_links":{"self":[{"href":"https:\/\/anacleta.com.ar\/es_es\/wp-json\/wp\/v2\/product\/90475","targetHints":{"allow":["GET"]}}],"collection":[{"href":"https:\/\/anacleta.com.ar\/es_es\/wp-json\/wp\/v2\/product"}],"about":[{"href":"https:\/\/anacleta.com.ar\/es_es\/wp-json\/wp\/v2\/types\/product"}],"wp:featuredmedia":[{"embeddable":true,"href":"https:\/\/anacleta.com.ar\/es_es\/wp-json\/wp\/v2\/media\/90476"}],"wp:attachment":[{"href":"https:\/\/anacleta.com.ar\/es_es\/wp-json\/wp\/v2\/media?parent=90475"}],"wp:term":[{"taxonomy":"product_brand","embeddable":true,"href":"https:\/\/anacleta.com.ar\/es_es\/wp-json\/wp\/v2\/product_brand?post=90475"},{"taxonomy":"product_cat","embeddable":true,"href":"https:\/\/anacleta.com.ar\/es_es\/wp-json\/wp\/v2\/product_cat?post=90475"},{"taxonomy":"product_tag","embeddable":true,"href":"https:\/\/anacleta.com.ar\/es_es\/wp-json\/wp\/v2\/product_tag?post=90475"}],"curies":[{"name":"wp","href":"https:\/\/api.w.org\/{rel}","templated":true}]}}