{"id":90830,"date":"2025-02-11T18:52:30","date_gmt":"2025-02-11T21:52:30","guid":{"rendered":"https:\/\/anacleta.com.ar\/?post_type=product&#038;p=90830"},"modified":"2026-02-03T09:50:05","modified_gmt":"2026-02-03T12:50:05","slug":"jeans-mick-grey","status":"publish","type":"product","link":"https:\/\/anacleta.com.ar\/es_es\/producto\/jeans-mick-grey\/","title":{"rendered":"Jeans Mick Grey"},"content":{"rendered":"","protected":false},"excerpt":{"rendered":"<p>Jeans Mick Grey de calce recto pero con pierna un poco m\u00e1s ancha. El tiro es medio, c\u00f3modo por debajo de la cintura y el largo es intermedio. Depende de d\u00f3nde una quiera calzarse la cintura, si queda m\u00e1s largo sobre el calzado o m\u00e1s al tobillo.<\/p>\n<p><strong>El calce es relajado y la cintura es bastante grande; para que quede m\u00e1s ajustada la caja comprar un talle menos del correspondiente.<\/strong><\/p>\n<p>Composici\u00f3n: 80% algod\u00f3n regenerativo, 20% algod\u00f3n reciclado<\/p>\n<p>Referencia modelo Florencia :Altura 1,73 Talle: 24<\/p>\n","protected":false},"featured_media":90836,"template":"","meta":[],"product_brand":[480],"product_cat":[126,134],"product_tag":[112],"class_list":{"0":"post-90830","1":"product","2":"type-product","3":"status-publish","4":"has-post-thumbnail","6":"product_brand-jazmin-chebar","7":"product_cat-denim","8":"product_cat-pantalones","9":"product_tag-jazmin-chebar","11":"first","12":"instock","13":"shipping-taxable","14":"purchasable","15":"product-type-variable"},"_links":{"self":[{"href":"https:\/\/anacleta.com.ar\/es_es\/wp-json\/wp\/v2\/product\/90830","targetHints":{"allow":["GET"]}}],"collection":[{"href":"https:\/\/anacleta.com.ar\/es_es\/wp-json\/wp\/v2\/product"}],"about":[{"href":"https:\/\/anacleta.com.ar\/es_es\/wp-json\/wp\/v2\/types\/product"}],"wp:featuredmedia":[{"embeddable":true,"href":"https:\/\/anacleta.com.ar\/es_es\/wp-json\/wp\/v2\/media\/90836"}],"wp:attachment":[{"href":"https:\/\/anacleta.com.ar\/es_es\/wp-json\/wp\/v2\/media?parent=90830"}],"wp:term":[{"taxonomy":"product_brand","embeddable":true,"href":"https:\/\/anacleta.com.ar\/es_es\/wp-json\/wp\/v2\/product_brand?post=90830"},{"taxonomy":"product_cat","embeddable":true,"href":"https:\/\/anacleta.com.ar\/es_es\/wp-json\/wp\/v2\/product_cat?post=90830"},{"taxonomy":"product_tag","embeddable":true,"href":"https:\/\/anacleta.com.ar\/es_es\/wp-json\/wp\/v2\/product_tag?post=90830"}],"curies":[{"name":"wp","href":"https:\/\/api.w.org\/{rel}","templated":true}]}}