{"id":90946,"date":"2025-02-11T20:07:34","date_gmt":"2025-02-11T23:07:34","guid":{"rendered":"https:\/\/anacleta.com.ar\/?post_type=product&#038;p=90946"},"modified":"2025-12-12T11:54:25","modified_gmt":"2025-12-12T14:54:25","slug":"remera-mumi-2","status":"publish","type":"product","link":"https:\/\/anacleta.com.ar\/es_es\/producto\/remera-mumi-2\/","title":{"rendered":"Remera Mumi"},"content":{"rendered":"","protected":false},"excerpt":{"rendered":"<p>Remera Mumi confeccionada en jersey flame de algod\u00f3n pima, de fit cl\u00e1sico, manga corta y cuello redondo a la base. Es larga a la cadera, posee peque\u00f1os tajos en laterales.<\/p>\n<p>Composici\u00f3n: 100% algod\u00f3n pima<\/p>\n<p>Referencia modelo Justina: Altura 1,74 Talle: 1<\/p>\n","protected":false},"featured_media":90950,"template":"","meta":[],"product_brand":[480],"product_cat":[129],"product_tag":[112],"class_list":{"0":"post-90946","1":"product","2":"type-product","3":"status-publish","4":"has-post-thumbnail","6":"product_brand-jazmin-chebar","7":"product_cat-remeras","8":"product_tag-jazmin-chebar","10":"first","11":"instock","12":"shipping-taxable","13":"purchasable","14":"product-type-variable"},"_links":{"self":[{"href":"https:\/\/anacleta.com.ar\/es_es\/wp-json\/wp\/v2\/product\/90946","targetHints":{"allow":["GET"]}}],"collection":[{"href":"https:\/\/anacleta.com.ar\/es_es\/wp-json\/wp\/v2\/product"}],"about":[{"href":"https:\/\/anacleta.com.ar\/es_es\/wp-json\/wp\/v2\/types\/product"}],"wp:featuredmedia":[{"embeddable":true,"href":"https:\/\/anacleta.com.ar\/es_es\/wp-json\/wp\/v2\/media\/90950"}],"wp:attachment":[{"href":"https:\/\/anacleta.com.ar\/es_es\/wp-json\/wp\/v2\/media?parent=90946"}],"wp:term":[{"taxonomy":"product_brand","embeddable":true,"href":"https:\/\/anacleta.com.ar\/es_es\/wp-json\/wp\/v2\/product_brand?post=90946"},{"taxonomy":"product_cat","embeddable":true,"href":"https:\/\/anacleta.com.ar\/es_es\/wp-json\/wp\/v2\/product_cat?post=90946"},{"taxonomy":"product_tag","embeddable":true,"href":"https:\/\/anacleta.com.ar\/es_es\/wp-json\/wp\/v2\/product_tag?post=90946"}],"curies":[{"name":"wp","href":"https:\/\/api.w.org\/{rel}","templated":true}]}}