{"id":91462,"date":"2025-02-18T11:51:25","date_gmt":"2025-02-18T14:51:25","guid":{"rendered":"https:\/\/anacleta.com.ar\/?post_type=product&#038;p=91462"},"modified":"2026-04-02T11:01:55","modified_gmt":"2026-04-02T14:01:55","slug":"jeans-roses-light","status":"publish","type":"product","link":"https:\/\/anacleta.com.ar\/es_es\/producto\/jeans-roses-light\/","title":{"rendered":"Jeans Roses Light"},"content":{"rendered":"","protected":false},"excerpt":{"rendered":"<p>Jeans Roses Light de fit wide leg, de calce ancho. El tiro medio y es largo hasta el piso. Est\u00e1 tejido con lyocell, lo que hace que tenga aspecto de lavado 100% algod\u00f3n; esto le otorga mas suavidad.<\/p>\n<p><strong>El calce es m\u00e1s bien alto y ajustado en cintura y cadera. Qued\u00f3 acorde al talle correspondiente; si lo quer\u00e9s usar m\u00e1s relajado probar con un talle m\u00e1s del correspondiente.<\/strong><\/p>\n<p>Composici\u00f3n: 58% algod\u00f3n, 42% lyocell<\/p>\n<p>Referencia modelo Justina: Altura 1,74 Talle: 1<\/p>\n","protected":false},"featured_media":91472,"template":"","meta":[],"product_brand":[480],"product_cat":[126,134],"product_tag":[112],"class_list":{"0":"post-91462","1":"product","2":"type-product","3":"status-publish","4":"has-post-thumbnail","6":"product_brand-jazmin-chebar","7":"product_cat-denim","8":"product_cat-pantalones","9":"product_tag-jazmin-chebar","11":"first","12":"instock","13":"shipping-taxable","14":"purchasable","15":"product-type-variable"},"_links":{"self":[{"href":"https:\/\/anacleta.com.ar\/es_es\/wp-json\/wp\/v2\/product\/91462","targetHints":{"allow":["GET"]}}],"collection":[{"href":"https:\/\/anacleta.com.ar\/es_es\/wp-json\/wp\/v2\/product"}],"about":[{"href":"https:\/\/anacleta.com.ar\/es_es\/wp-json\/wp\/v2\/types\/product"}],"wp:featuredmedia":[{"embeddable":true,"href":"https:\/\/anacleta.com.ar\/es_es\/wp-json\/wp\/v2\/media\/91472"}],"wp:attachment":[{"href":"https:\/\/anacleta.com.ar\/es_es\/wp-json\/wp\/v2\/media?parent=91462"}],"wp:term":[{"taxonomy":"product_brand","embeddable":true,"href":"https:\/\/anacleta.com.ar\/es_es\/wp-json\/wp\/v2\/product_brand?post=91462"},{"taxonomy":"product_cat","embeddable":true,"href":"https:\/\/anacleta.com.ar\/es_es\/wp-json\/wp\/v2\/product_cat?post=91462"},{"taxonomy":"product_tag","embeddable":true,"href":"https:\/\/anacleta.com.ar\/es_es\/wp-json\/wp\/v2\/product_tag?post=91462"}],"curies":[{"name":"wp","href":"https:\/\/api.w.org\/{rel}","templated":true}]}}