{"id":91747,"date":"2025-02-20T10:45:40","date_gmt":"2025-02-20T13:45:40","guid":{"rendered":"https:\/\/anacleta.com.ar\/?post_type=product&#038;p=91747"},"modified":"2026-02-13T19:49:46","modified_gmt":"2026-02-13T22:49:46","slug":"jean-denim-colt","status":"publish","type":"product","link":"https:\/\/anacleta.com.ar\/es_es\/producto\/jean-denim-colt\/","title":{"rendered":"Jean Denim Colt"},"content":{"rendered":"","protected":false},"excerpt":{"rendered":"<p>El Jean Colt es un jean realizado en denim elastizado, de calce High Skinny. Cuenta con un tiro alto que ajusta y marca la silueta, la forma del jean se adapta al cuerpo, ampliandose levemente desde rodilla hacia abajo haciendo que no ajuste en la parte inferior de la pierna. Con lavado negro gastado. En un Jean cl\u00e1sico para todos los d\u00edas. Cuenta con av\u00edos marcarios negros, y chapita ginebra en bolsillo trasero.<br \/>\n<em>Referencia modelo:\u00a0Altura 1,78 Talle 26<\/em><\/p>\n","protected":false},"featured_media":91755,"template":"","meta":[],"product_brand":[481],"product_cat":[492,126,491,475,134],"product_tag":[111],"class_list":{"0":"post-91747","1":"product","2":"type-product","3":"status-publish","4":"has-post-thumbnail","6":"product_brand-ginebra","7":"product_cat-2x1","8":"product_cat-denim","9":"product_cat-flash-market","10":"product_cat-hotsale","11":"product_cat-pantalones","12":"product_tag-ginebra","14":"first","15":"instock","16":"shipping-taxable","17":"purchasable","18":"product-type-variable"},"_links":{"self":[{"href":"https:\/\/anacleta.com.ar\/es_es\/wp-json\/wp\/v2\/product\/91747","targetHints":{"allow":["GET"]}}],"collection":[{"href":"https:\/\/anacleta.com.ar\/es_es\/wp-json\/wp\/v2\/product"}],"about":[{"href":"https:\/\/anacleta.com.ar\/es_es\/wp-json\/wp\/v2\/types\/product"}],"wp:featuredmedia":[{"embeddable":true,"href":"https:\/\/anacleta.com.ar\/es_es\/wp-json\/wp\/v2\/media\/91755"}],"wp:attachment":[{"href":"https:\/\/anacleta.com.ar\/es_es\/wp-json\/wp\/v2\/media?parent=91747"}],"wp:term":[{"taxonomy":"product_brand","embeddable":true,"href":"https:\/\/anacleta.com.ar\/es_es\/wp-json\/wp\/v2\/product_brand?post=91747"},{"taxonomy":"product_cat","embeddable":true,"href":"https:\/\/anacleta.com.ar\/es_es\/wp-json\/wp\/v2\/product_cat?post=91747"},{"taxonomy":"product_tag","embeddable":true,"href":"https:\/\/anacleta.com.ar\/es_es\/wp-json\/wp\/v2\/product_tag?post=91747"}],"curies":[{"name":"wp","href":"https:\/\/api.w.org\/{rel}","templated":true}]}}