{"id":91765,"date":"2025-02-20T12:27:10","date_gmt":"2025-02-20T15:27:10","guid":{"rendered":"https:\/\/anacleta.com.ar\/?post_type=product&#038;p=91765"},"modified":"2025-02-20T12:27:10","modified_gmt":"2025-02-20T15:27:10","slug":"bustier-alira","status":"publish","type":"product","link":"https:\/\/anacleta.com.ar\/es_es\/producto\/bustier-alira\/","title":{"rendered":"Bustier Alira"},"content":{"rendered":"","protected":false},"excerpt":{"rendered":"<p>Este\u00a0bustier sastrero confeccionado en\u00a0sat\u00e9n con nuestra estampa exclusiva\u00a0es la elecci\u00f3n perfecta para un look sofisticado y moderno.<br \/>\nSus tiras entrelazadas en la espalda permiten un ajuste perfecto, a\u00f1adiendo un detalle \u00fanico y elegante. Comb\u00ednalo con la\u00a0falda ACSA\u00a0y crea un conjunto divino.<\/p>\n<ul>\n<li><strong>Composici\u00f3n<\/strong>:\u00a0Sat\u00e9n con estampa exclusiva.<\/li>\n<li><strong>Talle y Molder\u00eda:<\/strong>\u00a0Ajustado al cuerpo con tiras regulables en la espalda. La modelo mide 1,70 m y usa talle S.<\/li>\n<li><strong>Eventos sugeridos:<\/strong>\u00a0Perfecto para looks formales o eventos especiales.<\/li>\n<\/ul>\n","protected":false},"featured_media":91767,"template":"","meta":[],"product_brand":[],"product_cat":[125,181],"product_tag":[114],"class_list":{"0":"post-91765","1":"product","2":"type-product","3":"status-publish","4":"has-post-thumbnail","6":"product_cat-fiesta","7":"product_cat-tops","8":"product_tag-natalia-antolin","10":"first","11":"instock","12":"shipping-taxable","13":"purchasable","14":"product-type-variable"},"_links":{"self":[{"href":"https:\/\/anacleta.com.ar\/es_es\/wp-json\/wp\/v2\/product\/91765","targetHints":{"allow":["GET"]}}],"collection":[{"href":"https:\/\/anacleta.com.ar\/es_es\/wp-json\/wp\/v2\/product"}],"about":[{"href":"https:\/\/anacleta.com.ar\/es_es\/wp-json\/wp\/v2\/types\/product"}],"wp:featuredmedia":[{"embeddable":true,"href":"https:\/\/anacleta.com.ar\/es_es\/wp-json\/wp\/v2\/media\/91767"}],"wp:attachment":[{"href":"https:\/\/anacleta.com.ar\/es_es\/wp-json\/wp\/v2\/media?parent=91765"}],"wp:term":[{"taxonomy":"product_brand","embeddable":true,"href":"https:\/\/anacleta.com.ar\/es_es\/wp-json\/wp\/v2\/product_brand?post=91765"},{"taxonomy":"product_cat","embeddable":true,"href":"https:\/\/anacleta.com.ar\/es_es\/wp-json\/wp\/v2\/product_cat?post=91765"},{"taxonomy":"product_tag","embeddable":true,"href":"https:\/\/anacleta.com.ar\/es_es\/wp-json\/wp\/v2\/product_tag?post=91765"}],"curies":[{"name":"wp","href":"https:\/\/api.w.org\/{rel}","templated":true}]}}