{"id":91917,"date":"2025-02-20T18:50:30","date_gmt":"2025-02-20T21:50:30","guid":{"rendered":"https:\/\/anacleta.com.ar\/?post_type=product&#038;p=91917"},"modified":"2026-02-13T19:50:30","modified_gmt":"2026-02-13T22:50:30","slug":"jean-katy","status":"publish","type":"product","link":"https:\/\/anacleta.com.ar\/es_es\/producto\/jean-katy\/","title":{"rendered":"Jean Katy"},"content":{"rendered":"","protected":false},"excerpt":{"rendered":"<p>El Jean Katy est\u00e1 realizado con denim elastizado y un calce skinny. Esta prenda acompa\u00f1a a la figura del cuerpo, desprendi\u00e9ndose del mismo levemente a partir de la rodilla para abajo. Tiene un lavado celeste con sobre te\u00f1ido color oxido y localizado aclarado en la zona central de la prenda. Lleva av\u00edos personalizados de Ginebra con ba\u00f1o en n\u00edquel.<br \/>\n<em>Referencia modelo:\u00a0Altura 1,77 Talle 26<\/em><\/p>\n","protected":false},"featured_media":91925,"template":"","meta":[],"product_brand":[481],"product_cat":[492,126,491,475,134],"product_tag":[111],"class_list":{"0":"post-91917","1":"product","2":"type-product","3":"status-publish","4":"has-post-thumbnail","6":"product_brand-ginebra","7":"product_cat-2x1","8":"product_cat-denim","9":"product_cat-flash-market","10":"product_cat-hotsale","11":"product_cat-pantalones","12":"product_tag-ginebra","14":"first","15":"instock","16":"shipping-taxable","17":"purchasable","18":"product-type-variable"},"_links":{"self":[{"href":"https:\/\/anacleta.com.ar\/es_es\/wp-json\/wp\/v2\/product\/91917","targetHints":{"allow":["GET"]}}],"collection":[{"href":"https:\/\/anacleta.com.ar\/es_es\/wp-json\/wp\/v2\/product"}],"about":[{"href":"https:\/\/anacleta.com.ar\/es_es\/wp-json\/wp\/v2\/types\/product"}],"wp:featuredmedia":[{"embeddable":true,"href":"https:\/\/anacleta.com.ar\/es_es\/wp-json\/wp\/v2\/media\/91925"}],"wp:attachment":[{"href":"https:\/\/anacleta.com.ar\/es_es\/wp-json\/wp\/v2\/media?parent=91917"}],"wp:term":[{"taxonomy":"product_brand","embeddable":true,"href":"https:\/\/anacleta.com.ar\/es_es\/wp-json\/wp\/v2\/product_brand?post=91917"},{"taxonomy":"product_cat","embeddable":true,"href":"https:\/\/anacleta.com.ar\/es_es\/wp-json\/wp\/v2\/product_cat?post=91917"},{"taxonomy":"product_tag","embeddable":true,"href":"https:\/\/anacleta.com.ar\/es_es\/wp-json\/wp\/v2\/product_tag?post=91917"}],"curies":[{"name":"wp","href":"https:\/\/api.w.org\/{rel}","templated":true}]}}