{"id":92177,"date":"2025-02-26T11:27:25","date_gmt":"2025-02-26T14:27:25","guid":{"rendered":"https:\/\/anacleta.com.ar\/?post_type=product&#038;p=92177"},"modified":"2026-02-13T19:51:03","modified_gmt":"2026-02-13T22:51:03","slug":"saco-chicago","status":"publish","type":"product","link":"https:\/\/anacleta.com.ar\/es_es\/producto\/saco-chicago\/","title":{"rendered":"Saco Chicago"},"content":{"rendered":"","protected":false},"excerpt":{"rendered":"<p><span data-sheets-root=\"1\">El Saco Chicago est\u00e1 confeccionado con un textil sastrero negro de alta calidad. Tiene pinzas de entalle que estilizan la figura, bolsillo ojal y cierra con cuatro botones personalizados. Es un g\u00e9nero que tiene elasticidad. La forreria estampada en animal print es dise\u00f1o exclusivo de nuestra colecci\u00f3n Manhattan Invierno 25 y le da un giro audaz a esta pieza esencial. Ideal para un look elegante. Este saco es perfecto para cualquier ocasi\u00f3n que requiera distinci\u00f3n y sofisticaci\u00f3n. Se puede combinar con el Pantal\u00f3n Chicago.<\/span><\/p>\n<p><span data-sheets-root=\"1\">Composici\u00f3n: Tela base: 46% Ray\u00f3n 46% Nylon 8% Spandex &#8211; Forrer\u00eda: 100% Acetato.<\/span><\/p>\n","protected":false},"featured_media":92180,"template":"","meta":[],"product_brand":[486],"product_cat":[492,477,475],"product_tag":[384],"class_list":{"0":"post-92177","1":"product","2":"type-product","3":"status-publish","4":"has-post-thumbnail","6":"product_brand-paz-cornu","7":"product_cat-2x1","8":"product_cat-blazer","9":"product_cat-hotsale","10":"product_tag-paz-cornu","12":"first","13":"instock","14":"shipping-taxable","15":"purchasable","16":"product-type-variable"},"_links":{"self":[{"href":"https:\/\/anacleta.com.ar\/es_es\/wp-json\/wp\/v2\/product\/92177","targetHints":{"allow":["GET"]}}],"collection":[{"href":"https:\/\/anacleta.com.ar\/es_es\/wp-json\/wp\/v2\/product"}],"about":[{"href":"https:\/\/anacleta.com.ar\/es_es\/wp-json\/wp\/v2\/types\/product"}],"wp:featuredmedia":[{"embeddable":true,"href":"https:\/\/anacleta.com.ar\/es_es\/wp-json\/wp\/v2\/media\/92180"}],"wp:attachment":[{"href":"https:\/\/anacleta.com.ar\/es_es\/wp-json\/wp\/v2\/media?parent=92177"}],"wp:term":[{"taxonomy":"product_brand","embeddable":true,"href":"https:\/\/anacleta.com.ar\/es_es\/wp-json\/wp\/v2\/product_brand?post=92177"},{"taxonomy":"product_cat","embeddable":true,"href":"https:\/\/anacleta.com.ar\/es_es\/wp-json\/wp\/v2\/product_cat?post=92177"},{"taxonomy":"product_tag","embeddable":true,"href":"https:\/\/anacleta.com.ar\/es_es\/wp-json\/wp\/v2\/product_tag?post=92177"}],"curies":[{"name":"wp","href":"https:\/\/api.w.org\/{rel}","templated":true}]}}