{"id":92184,"date":"2025-02-26T11:30:25","date_gmt":"2025-02-26T14:30:25","guid":{"rendered":"https:\/\/anacleta.com.ar\/?post_type=product&#038;p=92184"},"modified":"2026-02-13T19:51:10","modified_gmt":"2026-02-13T22:51:10","slug":"pantalon-chicago","status":"publish","type":"product","link":"https:\/\/anacleta.com.ar\/es_es\/producto\/pantalon-chicago\/","title":{"rendered":"Pantal\u00f3n Chicago"},"content":{"rendered":"","protected":false},"excerpt":{"rendered":"<p><span data-sheets-root=\"1\">El Pantal\u00f3n Chicago es la pieza clave para un conjunto perfecto. Est\u00e1 confeccionado con tela sastrera de alta calidad. Es un g\u00e9nero que tiene elasticidad. Su corte oxford y pinzas de entalle traseras ofrecen un ajuste perfecto, combinando comodidad y estilo. Tiene un bot\u00f3n externo personalizado y un bot\u00f3n interno. Los bolsillos tienen forreria estampada en animal print exclusiva de nuestra colecci\u00f3n Manhattan Invierno 25. Un pantal\u00f3n vers\u00e1til, ideal tanto para el d\u00eda a d\u00eda como para ocasiones m\u00e1s formales, que destaca por su detalle y elegancia. Esta prenda hace juego con el Saco Chicago.<\/span><\/p>\n<p><span data-sheets-root=\"1\">Composici\u00f3n: Tela base: 46% Ray\u00f3n 46% Nylon 8% Spandex &#8211; Forrer\u00eda: 100% Acetato.<\/span><\/p>\n","protected":false},"featured_media":92188,"template":"","meta":[],"product_brand":[486],"product_cat":[492,475,134],"product_tag":[384],"class_list":{"0":"post-92184","1":"product","2":"type-product","3":"status-publish","4":"has-post-thumbnail","6":"product_brand-paz-cornu","7":"product_cat-2x1","8":"product_cat-hotsale","9":"product_cat-pantalones","10":"product_tag-paz-cornu","12":"first","13":"instock","14":"shipping-taxable","15":"purchasable","16":"product-type-variable"},"_links":{"self":[{"href":"https:\/\/anacleta.com.ar\/es_es\/wp-json\/wp\/v2\/product\/92184","targetHints":{"allow":["GET"]}}],"collection":[{"href":"https:\/\/anacleta.com.ar\/es_es\/wp-json\/wp\/v2\/product"}],"about":[{"href":"https:\/\/anacleta.com.ar\/es_es\/wp-json\/wp\/v2\/types\/product"}],"wp:featuredmedia":[{"embeddable":true,"href":"https:\/\/anacleta.com.ar\/es_es\/wp-json\/wp\/v2\/media\/92188"}],"wp:attachment":[{"href":"https:\/\/anacleta.com.ar\/es_es\/wp-json\/wp\/v2\/media?parent=92184"}],"wp:term":[{"taxonomy":"product_brand","embeddable":true,"href":"https:\/\/anacleta.com.ar\/es_es\/wp-json\/wp\/v2\/product_brand?post=92184"},{"taxonomy":"product_cat","embeddable":true,"href":"https:\/\/anacleta.com.ar\/es_es\/wp-json\/wp\/v2\/product_cat?post=92184"},{"taxonomy":"product_tag","embeddable":true,"href":"https:\/\/anacleta.com.ar\/es_es\/wp-json\/wp\/v2\/product_tag?post=92184"}],"curies":[{"name":"wp","href":"https:\/\/api.w.org\/{rel}","templated":true}]}}