{"id":92390,"date":"2025-03-04T12:17:22","date_gmt":"2025-03-04T15:17:22","guid":{"rendered":"https:\/\/anacleta.com.ar\/?post_type=product&#038;p=92390"},"modified":"2025-07-19T10:58:04","modified_gmt":"2025-07-19T13:58:04","slug":"remera-moving","status":"publish","type":"product","link":"https:\/\/anacleta.com.ar\/es_es\/producto\/remera-moving\/","title":{"rendered":"Remera Moving"},"content":{"rendered":"","protected":false},"excerpt":{"rendered":"<p>Remera Con Fit Cl\u00e1sico, Manga Corta Con Escote Redondo. Confeccionada En Jersey De Algod\u00f3n, Con Te\u00f1ido Y Gastado Laser Diferencial, Estampa En El Frente Y Tachas Aplicadas Con Hotfix<\/p>\n","protected":false},"featured_media":92394,"template":"","meta":[],"product_brand":[],"product_cat":[129],"product_tag":[124],"class_list":{"0":"post-92390","1":"product","2":"type-product","3":"status-publish","4":"has-post-thumbnail","6":"product_cat-remeras","7":"product_tag-y-lovers","9":"first","10":"instock","11":"shipping-taxable","12":"purchasable","13":"product-type-variable"},"_links":{"self":[{"href":"https:\/\/anacleta.com.ar\/es_es\/wp-json\/wp\/v2\/product\/92390","targetHints":{"allow":["GET"]}}],"collection":[{"href":"https:\/\/anacleta.com.ar\/es_es\/wp-json\/wp\/v2\/product"}],"about":[{"href":"https:\/\/anacleta.com.ar\/es_es\/wp-json\/wp\/v2\/types\/product"}],"wp:featuredmedia":[{"embeddable":true,"href":"https:\/\/anacleta.com.ar\/es_es\/wp-json\/wp\/v2\/media\/92394"}],"wp:attachment":[{"href":"https:\/\/anacleta.com.ar\/es_es\/wp-json\/wp\/v2\/media?parent=92390"}],"wp:term":[{"taxonomy":"product_brand","embeddable":true,"href":"https:\/\/anacleta.com.ar\/es_es\/wp-json\/wp\/v2\/product_brand?post=92390"},{"taxonomy":"product_cat","embeddable":true,"href":"https:\/\/anacleta.com.ar\/es_es\/wp-json\/wp\/v2\/product_cat?post=92390"},{"taxonomy":"product_tag","embeddable":true,"href":"https:\/\/anacleta.com.ar\/es_es\/wp-json\/wp\/v2\/product_tag?post=92390"}],"curies":[{"name":"wp","href":"https:\/\/api.w.org\/{rel}","templated":true}]}}