{"id":93076,"date":"2025-03-06T11:46:02","date_gmt":"2025-03-06T14:46:02","guid":{"rendered":"https:\/\/anacleta.com.ar\/?post_type=product&#038;p=93076"},"modified":"2025-12-04T13:08:51","modified_gmt":"2025-12-04T16:08:51","slug":"jeans-lina-blue","status":"publish","type":"product","link":"https:\/\/anacleta.com.ar\/es_es\/producto\/jeans-lina-blue\/","title":{"rendered":"Jeans Lina Blue"},"content":{"rendered":"","protected":false},"excerpt":{"rendered":"<p>Jeans Lina Blue de fit wide leg pero m\u00e1s bien recto hacia la botamanga. El tiro es largo, y la idea es que la cintura calce baja y relajada. El tejido no es el\u00e1stico, pero tiene una mano muy suave y buena ca\u00edda.<\/p>\n<p><strong>El calce es relajado; para usarlo m\u00e1s ajustado en cadera deber\u00eda comprarse un talle m\u00e1s chico que el correspondiente.<\/strong><\/p>\n<p>Composici\u00f3n: 99% algod\u00f3n, 1% elastano<\/p>\n<p>Referencia modelo Miranda: Altura 1,79 Talle: 1<\/p>\n","protected":false},"featured_media":93086,"template":"","meta":[],"product_brand":[480],"product_cat":[126,134],"product_tag":[112],"class_list":{"0":"post-93076","1":"product","2":"type-product","3":"status-publish","4":"has-post-thumbnail","6":"product_brand-jazmin-chebar","7":"product_cat-denim","8":"product_cat-pantalones","9":"product_tag-jazmin-chebar","11":"first","12":"instock","13":"shipping-taxable","14":"purchasable","15":"product-type-variable"},"_links":{"self":[{"href":"https:\/\/anacleta.com.ar\/es_es\/wp-json\/wp\/v2\/product\/93076","targetHints":{"allow":["GET"]}}],"collection":[{"href":"https:\/\/anacleta.com.ar\/es_es\/wp-json\/wp\/v2\/product"}],"about":[{"href":"https:\/\/anacleta.com.ar\/es_es\/wp-json\/wp\/v2\/types\/product"}],"wp:featuredmedia":[{"embeddable":true,"href":"https:\/\/anacleta.com.ar\/es_es\/wp-json\/wp\/v2\/media\/93086"}],"wp:attachment":[{"href":"https:\/\/anacleta.com.ar\/es_es\/wp-json\/wp\/v2\/media?parent=93076"}],"wp:term":[{"taxonomy":"product_brand","embeddable":true,"href":"https:\/\/anacleta.com.ar\/es_es\/wp-json\/wp\/v2\/product_brand?post=93076"},{"taxonomy":"product_cat","embeddable":true,"href":"https:\/\/anacleta.com.ar\/es_es\/wp-json\/wp\/v2\/product_cat?post=93076"},{"taxonomy":"product_tag","embeddable":true,"href":"https:\/\/anacleta.com.ar\/es_es\/wp-json\/wp\/v2\/product_tag?post=93076"}],"curies":[{"name":"wp","href":"https:\/\/api.w.org\/{rel}","templated":true}]}}