{"id":93145,"date":"2025-03-06T12:22:16","date_gmt":"2025-03-06T15:22:16","guid":{"rendered":"https:\/\/anacleta.com.ar\/?post_type=product&#038;p=93145"},"modified":"2026-02-13T19:23:13","modified_gmt":"2026-02-13T22:23:13","slug":"campera-frank","status":"publish","type":"product","link":"https:\/\/anacleta.com.ar\/es_es\/producto\/campera-frank\/","title":{"rendered":"Campera Frank"},"content":{"rendered":"","protected":false},"excerpt":{"rendered":"<p>Campera Frank liviana, de media estaci\u00f3n. Lleva corderito sint\u00e9tico en las juntas, cuello y pu\u00f1os. La tela es el\u00e1stica aport\u00e1ndole comodidad a la prenda.<\/p>\n<p><strong>El calce es standard, comprar el talle correspondiente.<\/strong><\/p>\n<p>Composici\u00f3n: 79,5% algod\u00f3n, 20% poli\u00e9ster, 0,5% elastano<\/p>\n<p>Referencia modelo Sasha: Altura 1,72 Talle: 1<\/p>\n","protected":false},"featured_media":93149,"template":"","meta":[],"product_brand":[480],"product_cat":[492,126,491,148,461],"product_tag":[112],"class_list":{"0":"post-93145","1":"product","2":"type-product","3":"status-publish","4":"has-post-thumbnail","6":"product_brand-jazmin-chebar","7":"product_cat-2x1","8":"product_cat-denim","9":"product_cat-flash-market","10":"product_cat-sacos-y-camperas","11":"product_cat-todo-para-chebar","12":"product_tag-jazmin-chebar","14":"first","15":"instock","16":"shipping-taxable","17":"purchasable","18":"product-type-variable"},"_links":{"self":[{"href":"https:\/\/anacleta.com.ar\/es_es\/wp-json\/wp\/v2\/product\/93145","targetHints":{"allow":["GET"]}}],"collection":[{"href":"https:\/\/anacleta.com.ar\/es_es\/wp-json\/wp\/v2\/product"}],"about":[{"href":"https:\/\/anacleta.com.ar\/es_es\/wp-json\/wp\/v2\/types\/product"}],"wp:featuredmedia":[{"embeddable":true,"href":"https:\/\/anacleta.com.ar\/es_es\/wp-json\/wp\/v2\/media\/93149"}],"wp:attachment":[{"href":"https:\/\/anacleta.com.ar\/es_es\/wp-json\/wp\/v2\/media?parent=93145"}],"wp:term":[{"taxonomy":"product_brand","embeddable":true,"href":"https:\/\/anacleta.com.ar\/es_es\/wp-json\/wp\/v2\/product_brand?post=93145"},{"taxonomy":"product_cat","embeddable":true,"href":"https:\/\/anacleta.com.ar\/es_es\/wp-json\/wp\/v2\/product_cat?post=93145"},{"taxonomy":"product_tag","embeddable":true,"href":"https:\/\/anacleta.com.ar\/es_es\/wp-json\/wp\/v2\/product_tag?post=93145"}],"curies":[{"name":"wp","href":"https:\/\/api.w.org\/{rel}","templated":true}]}}