{"id":93285,"date":"2025-03-06T18:42:20","date_gmt":"2025-03-06T21:42:20","guid":{"rendered":"https:\/\/anacleta.com.ar\/?post_type=product&#038;p=93285"},"modified":"2026-02-13T19:23:31","modified_gmt":"2026-02-13T22:23:31","slug":"necessaire-machine","status":"publish","type":"product","link":"https:\/\/anacleta.com.ar\/es_es\/producto\/necessaire-machine\/","title":{"rendered":"Necessaire Machine"},"content":{"rendered":"","protected":false},"excerpt":{"rendered":"<p>Necessaire Machine realizado en tejido de algod\u00f3n con estampa Machine, dise\u00f1ada exclusivamente para esta colecci\u00f3n. El acceso es gracias a un cierre met\u00e1lico y el interior est\u00e1 forrado con tejido jacquard. Lleva una manija realizada en cinta acanalada que permite usarlo colgado de la mu\u00f1eca.<\/p>\n<p>Composici\u00f3n: Cuerpo: 100% algod\u00f3n Forreria: 100% poli\u00e9ster Cinta: 100% poli\u00e9ster<\/p>\n<p>Medidas: Alto: 8 cm Ancho: 19 cm Profundidad: 11 cm<\/p>\n","protected":false},"featured_media":93286,"template":"","meta":[],"product_brand":[480],"product_cat":[492,128,491,461],"product_tag":[112],"class_list":{"0":"post-93285","1":"product","2":"type-product","3":"status-publish","4":"has-post-thumbnail","6":"product_brand-jazmin-chebar","7":"product_cat-2x1","8":"product_cat-accesorios","9":"product_cat-flash-market","10":"product_cat-todo-para-chebar","11":"product_tag-jazmin-chebar","13":"first","14":"instock","15":"shipping-taxable","16":"purchasable","17":"product-type-simple"},"_links":{"self":[{"href":"https:\/\/anacleta.com.ar\/es_es\/wp-json\/wp\/v2\/product\/93285","targetHints":{"allow":["GET"]}}],"collection":[{"href":"https:\/\/anacleta.com.ar\/es_es\/wp-json\/wp\/v2\/product"}],"about":[{"href":"https:\/\/anacleta.com.ar\/es_es\/wp-json\/wp\/v2\/types\/product"}],"wp:featuredmedia":[{"embeddable":true,"href":"https:\/\/anacleta.com.ar\/es_es\/wp-json\/wp\/v2\/media\/93286"}],"wp:attachment":[{"href":"https:\/\/anacleta.com.ar\/es_es\/wp-json\/wp\/v2\/media?parent=93285"}],"wp:term":[{"taxonomy":"product_brand","embeddable":true,"href":"https:\/\/anacleta.com.ar\/es_es\/wp-json\/wp\/v2\/product_brand?post=93285"},{"taxonomy":"product_cat","embeddable":true,"href":"https:\/\/anacleta.com.ar\/es_es\/wp-json\/wp\/v2\/product_cat?post=93285"},{"taxonomy":"product_tag","embeddable":true,"href":"https:\/\/anacleta.com.ar\/es_es\/wp-json\/wp\/v2\/product_tag?post=93285"}],"curies":[{"name":"wp","href":"https:\/\/api.w.org\/{rel}","templated":true}]}}