{"id":93370,"date":"2025-03-11T12:09:22","date_gmt":"2025-03-11T15:09:22","guid":{"rendered":"https:\/\/anacleta.com.ar\/?post_type=product&#038;p=93370"},"modified":"2026-02-13T19:51:17","modified_gmt":"2026-02-13T22:51:17","slug":"falda-pigmeos","status":"publish","type":"product","link":"https:\/\/anacleta.com.ar\/es_es\/producto\/falda-pigmeos\/","title":{"rendered":"Falda Pigmeos"},"content":{"rendered":"","protected":false},"excerpt":{"rendered":"<p>Falda larga tipo pareo, con cintura que termina en lazo para cruzarla y atarla donde gustes. De microtul con gajos. Tambi\u00e9n la pod\u00e9s usar como vestido de m\u00faltiples maneras.<\/p>\n<p><strong>Composici\u00f3n:<\/strong>\u00a090% nylon, 10% spandex.<\/p>\n<p><strong>Cuidados:\u00a0<\/strong>Textil delicado, no rozar con otras superficies. Cuidar que no se enganche. Lavar a mano con agua fr\u00eda. Usar jab\u00f3n neutro. Planchar \u00fanicamente del lado del rev\u00e9s. Secar a la sombra.<\/p>\n<p><strong>Referencia modelo 1:\u00a0<\/strong>Altura 1,70. Talle 1.\u00a0<strong>Modelo 2:<\/strong>\u00a0Altura 1,74. Talle 1.<\/p>\n","protected":false},"featured_media":93374,"template":"","meta":[],"product_brand":[487],"product_cat":[492,475,130],"product_tag":[196],"class_list":{"0":"post-93370","1":"product","2":"type-product","3":"status-publish","4":"has-post-thumbnail","6":"product_brand-shibinda","7":"product_cat-2x1","8":"product_cat-hotsale","9":"product_cat-vestidos-y-faldas","10":"product_tag-shibinda","12":"first","13":"instock","14":"shipping-taxable","15":"purchasable","16":"product-type-variable"},"_links":{"self":[{"href":"https:\/\/anacleta.com.ar\/es_es\/wp-json\/wp\/v2\/product\/93370","targetHints":{"allow":["GET"]}}],"collection":[{"href":"https:\/\/anacleta.com.ar\/es_es\/wp-json\/wp\/v2\/product"}],"about":[{"href":"https:\/\/anacleta.com.ar\/es_es\/wp-json\/wp\/v2\/types\/product"}],"wp:featuredmedia":[{"embeddable":true,"href":"https:\/\/anacleta.com.ar\/es_es\/wp-json\/wp\/v2\/media\/93374"}],"wp:attachment":[{"href":"https:\/\/anacleta.com.ar\/es_es\/wp-json\/wp\/v2\/media?parent=93370"}],"wp:term":[{"taxonomy":"product_brand","embeddable":true,"href":"https:\/\/anacleta.com.ar\/es_es\/wp-json\/wp\/v2\/product_brand?post=93370"},{"taxonomy":"product_cat","embeddable":true,"href":"https:\/\/anacleta.com.ar\/es_es\/wp-json\/wp\/v2\/product_cat?post=93370"},{"taxonomy":"product_tag","embeddable":true,"href":"https:\/\/anacleta.com.ar\/es_es\/wp-json\/wp\/v2\/product_tag?post=93370"}],"curies":[{"name":"wp","href":"https:\/\/api.w.org\/{rel}","templated":true}]}}