{"id":93415,"date":"2025-03-11T12:54:06","date_gmt":"2025-03-11T15:54:06","guid":{"rendered":"https:\/\/anacleta.com.ar\/?post_type=product&#038;p=93415"},"modified":"2026-02-06T19:06:43","modified_gmt":"2026-02-06T22:06:43","slug":"cinturon-afrika","status":"publish","type":"product","link":"https:\/\/anacleta.com.ar\/es_es\/producto\/cinturon-afrika\/","title":{"rendered":"Cinturon Afrika"},"content":{"rendered":"","protected":false},"excerpt":{"rendered":"<p>Cintur\u00f3n de cuero ecol\u00f3gico ancho tipo faja, con tachas y el\u00e1stico.<\/p>\n<p><strong>Composici\u00f3n:<\/strong>\u00a0PU<\/p>\n<p><strong>Cuidados:\u00a0<\/strong>No lavar. No blanquear. No exprimir. No planchar.\u00a0 Evitar roces ya que se puede desgastar el material y color original.<\/p>\n","protected":false},"featured_media":93417,"template":"","meta":[],"product_brand":[487],"product_cat":[128],"product_tag":[196],"class_list":{"0":"post-93415","1":"product","2":"type-product","3":"status-publish","4":"has-post-thumbnail","6":"product_brand-shibinda","7":"product_cat-accesorios","8":"product_tag-shibinda","10":"first","11":"instock","12":"shipping-taxable","13":"purchasable","14":"product-type-simple"},"_links":{"self":[{"href":"https:\/\/anacleta.com.ar\/es_es\/wp-json\/wp\/v2\/product\/93415","targetHints":{"allow":["GET"]}}],"collection":[{"href":"https:\/\/anacleta.com.ar\/es_es\/wp-json\/wp\/v2\/product"}],"about":[{"href":"https:\/\/anacleta.com.ar\/es_es\/wp-json\/wp\/v2\/types\/product"}],"wp:featuredmedia":[{"embeddable":true,"href":"https:\/\/anacleta.com.ar\/es_es\/wp-json\/wp\/v2\/media\/93417"}],"wp:attachment":[{"href":"https:\/\/anacleta.com.ar\/es_es\/wp-json\/wp\/v2\/media?parent=93415"}],"wp:term":[{"taxonomy":"product_brand","embeddable":true,"href":"https:\/\/anacleta.com.ar\/es_es\/wp-json\/wp\/v2\/product_brand?post=93415"},{"taxonomy":"product_cat","embeddable":true,"href":"https:\/\/anacleta.com.ar\/es_es\/wp-json\/wp\/v2\/product_cat?post=93415"},{"taxonomy":"product_tag","embeddable":true,"href":"https:\/\/anacleta.com.ar\/es_es\/wp-json\/wp\/v2\/product_tag?post=93415"}],"curies":[{"name":"wp","href":"https:\/\/api.w.org\/{rel}","templated":true}]}}