{"id":93431,"date":"2025-03-11T17:24:15","date_gmt":"2025-03-11T20:24:15","guid":{"rendered":"https:\/\/anacleta.com.ar\/?post_type=product&#038;p=93431"},"modified":"2025-11-21T18:59:42","modified_gmt":"2025-11-21T21:59:42","slug":"chupin-rubber","status":"publish","type":"product","link":"https:\/\/anacleta.com.ar\/es_es\/producto\/chupin-rubber\/","title":{"rendered":"Chupin Rubber"},"content":{"rendered":"","protected":false},"excerpt":{"rendered":"<p>Chup\u00edn liso con 5 bolsillos y cintur\u00f3n, ideal para el d\u00eda a d\u00eda. Tiro medio alto<\/p>\n","protected":false},"featured_media":93437,"template":"","meta":[],"product_brand":[],"product_cat":[126,134],"product_tag":[117],"class_list":{"0":"post-93431","1":"product","2":"type-product","3":"status-publish","4":"has-post-thumbnail","6":"product_cat-denim","7":"product_cat-pantalones","8":"product_tag-mirta-armesto","10":"first","11":"instock","12":"shipping-taxable","13":"purchasable","14":"product-type-variable"},"_links":{"self":[{"href":"https:\/\/anacleta.com.ar\/es_es\/wp-json\/wp\/v2\/product\/93431","targetHints":{"allow":["GET"]}}],"collection":[{"href":"https:\/\/anacleta.com.ar\/es_es\/wp-json\/wp\/v2\/product"}],"about":[{"href":"https:\/\/anacleta.com.ar\/es_es\/wp-json\/wp\/v2\/types\/product"}],"wp:featuredmedia":[{"embeddable":true,"href":"https:\/\/anacleta.com.ar\/es_es\/wp-json\/wp\/v2\/media\/93437"}],"wp:attachment":[{"href":"https:\/\/anacleta.com.ar\/es_es\/wp-json\/wp\/v2\/media?parent=93431"}],"wp:term":[{"taxonomy":"product_brand","embeddable":true,"href":"https:\/\/anacleta.com.ar\/es_es\/wp-json\/wp\/v2\/product_brand?post=93431"},{"taxonomy":"product_cat","embeddable":true,"href":"https:\/\/anacleta.com.ar\/es_es\/wp-json\/wp\/v2\/product_cat?post=93431"},{"taxonomy":"product_tag","embeddable":true,"href":"https:\/\/anacleta.com.ar\/es_es\/wp-json\/wp\/v2\/product_tag?post=93431"}],"curies":[{"name":"wp","href":"https:\/\/api.w.org\/{rel}","templated":true}]}}